{"id":4095,"date":"2026-04-04T04:21:42","date_gmt":"2026-04-04T02:21:42","guid":{"rendered":"https:\/\/ete69e.pef.czu.cz\/ls2122\/?post_type=product&#038;p=4095"},"modified":"2026-04-04T04:26:26","modified_gmt":"2026-04-04T02:26:26","slug":"34-msi-mpg-341cqpx-qd-oled","status":"publish","type":"product","link":"https:\/\/ete69e.pef.czu.cz\/ls2122\/produkt\/34-msi-mpg-341cqpx-qd-oled\/","title":{"rendered":"34&#8243; MSI MPG 341CQPX QD-OLED"},"content":{"rendered":"<p dir=\"ltr\">Tento ultra-\u0161iroko\u00fahl\u00fd hern\u00ed monitor posouv\u00e1 vizu\u00e1ln\u00ed hranice d\u00edky nasazen\u00ed inovativn\u00ed technologie Quantum Dot OLED (QD-OLED). Je v\u00fdjime\u010dn\u00fd pr\u00e1v\u011b kombinac\u00ed vrstvy kvantov\u00fdch te\u010dek s OLED panelem, co\u017e zaru\u010duje bezkonkuren\u010dn\u00ed barevn\u00fd gamut, neuv\u011b\u0159iteln\u011b \u017eiv\u00e9 barvy bez zkreslen\u00ed a dokonale hlubokou \u010dernou. Mezi st\u011b\u017eejn\u00ed vlastnosti pat\u0159\u00ed detailn\u00ed WQHD rozli\u0161en\u00ed, okam\u017eit\u00e1 odezva a vysok\u00e1 obnovovac\u00ed frekvence spl\u0148uj\u00edc\u00ed n\u00e1roky profesion\u00e1l\u016f. Z\u00e1sadn\u00edm technologick\u00fdm benefitem je tak\u00e9 integrovan\u00e1 AI asistence ur\u010den\u00e1 p\u0159\u00edmo pro hr\u00e1\u010de, kter\u00e1 analyzuje d\u011bn\u00ed na obrazovce a poskytuje taktickou v\u00fdhodu v kompetitivn\u00edm hran\u00ed.<\/p>\n","protected":false},"excerpt":{"rendered":"<p>\u0160pi\u010dkov\u00fd 34&#8243; QD-OLED monitor s extr\u00e9mn\u00edm barevn\u00fdm rozsahem, nekone\u010dn\u00fdm kontrastem a hlubokou \u010dernou. Disponuje vysokou obnovovac\u00ed frekvenc\u00ed a chytrou AI asistenc\u00ed, kter\u00e1 hr\u00e1\u010d\u016fm poskytuje strategickou v\u00fdhodu.<\/p>\n","protected":false},"featured_media":4096,"comment_status":"open","ping_status":"closed","template":"","meta":[],"product_brand":[1812],"product_cat":[1798],"product_tag":[1803,1800,1805,1810,1808],"class_list":{"0":"post-4095","1":"product","2":"type-product","3":"status-publish","4":"has-post-thumbnail","6":"product_brand-msi","7":"product_cat-herni-monitory","8":"product_tag-144hz-180hz","9":"product_tag-herni-monitor","10":"product_tag-oled","11":"product_tag-ultrawide","12":"product_tag-wqhd","14":"first","15":"instock","16":"sale","17":"taxable","18":"shipping-taxable","19":"purchasable","20":"product-type-simple"},"jetpack_sharing_enabled":true,"_links":{"self":[{"href":"https:\/\/ete69e.pef.czu.cz\/ls2122\/wp-json\/wp\/v2\/product\/4095","targetHints":{"allow":["GET"]}}],"collection":[{"href":"https:\/\/ete69e.pef.czu.cz\/ls2122\/wp-json\/wp\/v2\/product"}],"about":[{"href":"https:\/\/ete69e.pef.czu.cz\/ls2122\/wp-json\/wp\/v2\/types\/product"}],"replies":[{"embeddable":true,"href":"https:\/\/ete69e.pef.czu.cz\/ls2122\/wp-json\/wp\/v2\/comments?post=4095"}],"wp:featuredmedia":[{"embeddable":true,"href":"https:\/\/ete69e.pef.czu.cz\/ls2122\/wp-json\/wp\/v2\/media\/4096"}],"wp:attachment":[{"href":"https:\/\/ete69e.pef.czu.cz\/ls2122\/wp-json\/wp\/v2\/media?parent=4095"}],"wp:term":[{"taxonomy":"product_brand","embeddable":true,"href":"https:\/\/ete69e.pef.czu.cz\/ls2122\/wp-json\/wp\/v2\/product_brand?post=4095"},{"taxonomy":"product_cat","embeddable":true,"href":"https:\/\/ete69e.pef.czu.cz\/ls2122\/wp-json\/wp\/v2\/product_cat?post=4095"},{"taxonomy":"product_tag","embeddable":true,"href":"https:\/\/ete69e.pef.czu.cz\/ls2122\/wp-json\/wp\/v2\/product_tag?post=4095"}],"curies":[{"name":"wp","href":"https:\/\/api.w.org\/{rel}","templated":true}]}}