{"id":4093,"date":"2026-04-04T04:04:25","date_gmt":"2026-04-04T02:04:25","guid":{"rendered":"https:\/\/ete69e.pef.czu.cz\/ls2122\/?post_type=product&#038;p=4093"},"modified":"2026-04-04T04:26:09","modified_gmt":"2026-04-04T02:26:09","slug":"34-philips-34m2c6500-00","status":"publish","type":"product","link":"https:\/\/ete69e.pef.czu.cz\/ls2122\/produkt\/34-philips-34m2c6500-00\/","title":{"rendered":"34&#8243; Philips 34M2C6500\/00"},"content":{"rendered":"<p dir=\"ltr\">Prohnut\u00fd ultra-\u0161iroko\u00fahl\u00fd monitor ze s\u00e9rie Evnia v\u00e1s d\u00edky sv\u00e9mu designu a technologi\u00edm dokonale vt\u00e1hne do d\u011bje. Jeho absolutn\u00ed jedine\u010dnost spo\u010d\u00edv\u00e1 v integraci exkluzivn\u00edho osv\u011btlen\u00ed Ambiglow, kter\u00e9 prom\u00edt\u00e1 barvy z obrazovky na st\u011bnu za monitorem, \u010d\u00edm\u017e opticky roz\u0161i\u0159uje obraz do prostoru a umoc\u0148uje hern\u00ed atmosf\u00e9ru. Mezi hlavn\u00ed p\u0159ednosti pat\u0159\u00ed velmi jemn\u00e9 WQHD rozli\u0161en\u00ed, kter\u00e9 na 34 palc\u00edch poskytuje ohromn\u00fd hern\u00ed i pracovn\u00ed prostor. Monitor zaji\u0161\u0165uje v\u00fdborn\u00e9 pod\u00e1n\u00ed barev, vysok\u00fd kontrast a plynulou obnovovac\u00ed frekvenci, p\u0159i\u010dem\u017e zak\u0159iven\u00ed displeje p\u0159irozen\u011b kop\u00edruje lidsk\u00e9 zorn\u00e9 pole pro maxim\u00e1ln\u00ed pohlcen\u00ed.<\/p>\n","protected":false},"excerpt":{"rendered":"<p>Ultra-\u0161iroko\u00fahl\u00fd 34&#8243; prohnut\u00fd WQHD monitor ze s\u00e9rie Evnia, kter\u00fd v\u00e1s maxim\u00e1ln\u011b vt\u00e1hne do hry. Nab\u00edz\u00ed plynul\u00fd obraz, skv\u011bl\u00e9 barvy a unik\u00e1tn\u00ed podsv\u00edcen\u00ed Ambiglow, je\u017e opticky roz\u0161i\u0159uje d\u011bj mimo obrazovku.<\/p>\n","protected":false},"featured_media":4094,"comment_status":"open","ping_status":"closed","template":"","meta":[],"product_brand":[1807],"product_cat":[1798],"product_tag":[1803,1800,1809,1810,1808],"class_list":{"0":"post-4093","1":"product","2":"type-product","3":"status-publish","4":"has-post-thumbnail","6":"product_brand-phillips","7":"product_cat-herni-monitory","8":"product_tag-144hz-180hz","9":"product_tag-herni-monitor","10":"product_tag-prohnuty","11":"product_tag-ultrawide","12":"product_tag-wqhd","14":"first","15":"instock","16":"sale","17":"taxable","18":"shipping-taxable","19":"purchasable","20":"product-type-simple"},"jetpack_sharing_enabled":true,"_links":{"self":[{"href":"https:\/\/ete69e.pef.czu.cz\/ls2122\/wp-json\/wp\/v2\/product\/4093","targetHints":{"allow":["GET"]}}],"collection":[{"href":"https:\/\/ete69e.pef.czu.cz\/ls2122\/wp-json\/wp\/v2\/product"}],"about":[{"href":"https:\/\/ete69e.pef.czu.cz\/ls2122\/wp-json\/wp\/v2\/types\/product"}],"replies":[{"embeddable":true,"href":"https:\/\/ete69e.pef.czu.cz\/ls2122\/wp-json\/wp\/v2\/comments?post=4093"}],"wp:featuredmedia":[{"embeddable":true,"href":"https:\/\/ete69e.pef.czu.cz\/ls2122\/wp-json\/wp\/v2\/media\/4094"}],"wp:attachment":[{"href":"https:\/\/ete69e.pef.czu.cz\/ls2122\/wp-json\/wp\/v2\/media?parent=4093"}],"wp:term":[{"taxonomy":"product_brand","embeddable":true,"href":"https:\/\/ete69e.pef.czu.cz\/ls2122\/wp-json\/wp\/v2\/product_brand?post=4093"},{"taxonomy":"product_cat","embeddable":true,"href":"https:\/\/ete69e.pef.czu.cz\/ls2122\/wp-json\/wp\/v2\/product_cat?post=4093"},{"taxonomy":"product_tag","embeddable":true,"href":"https:\/\/ete69e.pef.czu.cz\/ls2122\/wp-json\/wp\/v2\/product_tag?post=4093"}],"curies":[{"name":"wp","href":"https:\/\/api.w.org\/{rel}","templated":true}]}}