{"id":4090,"date":"2026-04-04T03:58:04","date_gmt":"2026-04-04T01:58:04","guid":{"rendered":"https:\/\/ete69e.pef.czu.cz\/ls2122\/?post_type=product&#038;p=4090"},"modified":"2026-04-04T04:25:49","modified_gmt":"2026-04-04T02:25:49","slug":"27-asus-rog-swift-oled-pg27ucdm","status":"publish","type":"product","link":"https:\/\/ete69e.pef.czu.cz\/ls2122\/produkt\/27-asus-rog-swift-oled-pg27ucdm\/","title":{"rendered":"27&#8243; ASUS ROG Swift OLED PG27UCDM"},"content":{"rendered":"<p dir=\"ltr\">ASUS ROG Swift OLED je nekompromisn\u00ed high-endov\u00fd monitor ur\u010den\u00fd pro ty nejn\u00e1ro\u010dn\u011bj\u0161\u00ed hr\u00e1\u010de a e-sportovce. Unik\u00e1tn\u00ed je p\u0159edev\u0161\u00edm d\u00edky vyu\u017eit\u00ed \u0161pi\u010dkov\u00e9ho WOLED panelu t\u0159et\u00ed generace, kter\u00fd p\u0159in\u00e1\u0161\u00ed extr\u00e9mn\u00ed kontrast a absolutn\u011b dokonalou \u010dernou. Nejd\u016fle\u017eit\u011bj\u0161\u00edmi vlastnostmi jsou dechberouc\u00ed obnovovac\u00ed frekvence 240 Hz ve spojen\u00ed s bezkonkuren\u010dn\u00ed odezvou 0,03 ms, co\u017e zaru\u010duje absolutn\u00ed plynulost bez sebemen\u0161\u00edho rozmaz\u00e1n\u00ed obrazu. K jeho v\u00fdjime\u010dnosti p\u0159isp\u00edv\u00e1 tak\u00e9 na m\u00edru navr\u017een\u00e9 pasivn\u00ed chlazen\u00ed, kter\u00e9 efektivn\u011b prodlu\u017euje \u017eivotnost panelu a poskytuje nadstandardn\u00ed ochranu proti vypalov\u00e1n\u00ed pixel\u016f.<\/p>\n","protected":false},"excerpt":{"rendered":"<p>Pr\u00e9miov\u00fd 27&#8243; OLED monitor pro n\u00e1ro\u010dn\u00e9 s extr\u00e9mn\u00ed 240Hz frekvenc\u00ed a t\u00e9m\u011b\u0159 okam\u017eitou odezvou 0,03 ms. Je vybaven unik\u00e1tn\u00edm pasivn\u00edm chlazen\u00edm, kter\u00e9 chr\u00e1n\u00ed panel proti vypalov\u00e1n\u00ed obrazu a prodlu\u017euje jeho \u017eivotnost.<\/p>\n","protected":false},"featured_media":4092,"comment_status":"open","ping_status":"closed","template":"","meta":[],"product_brand":[1811],"product_cat":[1798],"product_tag":[1806,1800,1805,1801],"class_list":{"0":"post-4090","1":"product","2":"type-product","3":"status-publish","4":"has-post-thumbnail","6":"product_brand-asus","7":"product_cat-herni-monitory","8":"product_tag-240hz","9":"product_tag-herni-monitor","10":"product_tag-oled","11":"product_tag-qhd","13":"first","14":"instock","15":"sale","16":"taxable","17":"shipping-taxable","18":"purchasable","19":"product-type-simple"},"jetpack_sharing_enabled":true,"_links":{"self":[{"href":"https:\/\/ete69e.pef.czu.cz\/ls2122\/wp-json\/wp\/v2\/product\/4090","targetHints":{"allow":["GET"]}}],"collection":[{"href":"https:\/\/ete69e.pef.czu.cz\/ls2122\/wp-json\/wp\/v2\/product"}],"about":[{"href":"https:\/\/ete69e.pef.czu.cz\/ls2122\/wp-json\/wp\/v2\/types\/product"}],"replies":[{"embeddable":true,"href":"https:\/\/ete69e.pef.czu.cz\/ls2122\/wp-json\/wp\/v2\/comments?post=4090"}],"wp:featuredmedia":[{"embeddable":true,"href":"https:\/\/ete69e.pef.czu.cz\/ls2122\/wp-json\/wp\/v2\/media\/4092"}],"wp:attachment":[{"href":"https:\/\/ete69e.pef.czu.cz\/ls2122\/wp-json\/wp\/v2\/media?parent=4090"}],"wp:term":[{"taxonomy":"product_brand","embeddable":true,"href":"https:\/\/ete69e.pef.czu.cz\/ls2122\/wp-json\/wp\/v2\/product_brand?post=4090"},{"taxonomy":"product_cat","embeddable":true,"href":"https:\/\/ete69e.pef.czu.cz\/ls2122\/wp-json\/wp\/v2\/product_cat?post=4090"},{"taxonomy":"product_tag","embeddable":true,"href":"https:\/\/ete69e.pef.czu.cz\/ls2122\/wp-json\/wp\/v2\/product_tag?post=4090"}],"curies":[{"name":"wp","href":"https:\/\/api.w.org\/{rel}","templated":true}]}}