{"id":4088,"date":"2026-04-04T03:57:23","date_gmt":"2026-04-04T01:57:23","guid":{"rendered":"https:\/\/ete69e.pef.czu.cz\/ls2122\/?post_type=product&#038;p=4088"},"modified":"2026-04-04T04:25:31","modified_gmt":"2026-04-04T02:25:31","slug":"27-aoc-q27g4xf-gaming","status":"publish","type":"product","link":"https:\/\/ete69e.pef.czu.cz\/ls2122\/produkt\/27-aoc-q27g4xf-gaming\/","title":{"rendered":"27&#8243; AOC Q27G4XF Gaming"},"content":{"rendered":"<p dir=\"ltr\">Tento modern\u00ed 27palcov\u00fd hern\u00ed monitor p\u0159edstavuje ide\u00e1ln\u00ed vstupn\u00ed br\u00e1nu do sv\u011bta plynul\u00e9ho hran\u00ed v jemn\u00e9m QHD rozli\u0161en\u00ed. Jeho jedine\u010dnost spo\u010d\u00edv\u00e1 ve vynikaj\u00edc\u00edm pom\u011bru ceny a v\u00fdkonu, kdy za velmi dostupnou \u010d\u00e1stku z\u00edsk\u00e1te pr\u00e9miov\u00e9 hern\u00ed parametry. Mezi kl\u00ed\u010dov\u00e9 vlastnosti pat\u0159\u00ed \u0161pi\u010dkov\u00fd Fast IPS panel zaji\u0161\u0165uj\u00edc\u00ed brilantn\u00ed barvy, \u0161irok\u00e9 pozorovac\u00ed \u00fahly a p\u0159edev\u0161\u00edm bleskovou dobu odezvy 0,5 ms (GtG) pro dokonale ostr\u00fd obraz v rychl\u00e9m pohybu. D\u00e1le pot\u011b\u0161\u00ed certifikace HDR400 pro lep\u0161\u00ed dynamick\u00fd rozsah a pln\u011b ergonomick\u00fd stojan s podporou funkce pivot, kter\u00fd umo\u017e\u0148uje dokonal\u00e9 p\u0159izp\u016fsoben\u00ed va\u0161\u00ed hern\u00ed stanici.<\/p>\n","protected":false},"excerpt":{"rendered":"<p>Dostupn\u00fd 27&#8243; QHD monitor s Fast IPS panelem a bleskovou odezvou 0,5 ms, kter\u00fd nab\u00edz\u00ed bezkonkuren\u010dn\u00ed pom\u011br ceny a v\u00fdkonu. Ergonomii dopl\u0148uje pln\u011b nastaviteln\u00fd stojan v\u010detn\u011b funkce pivot.<\/p>\n","protected":false},"featured_media":4089,"comment_status":"open","ping_status":"closed","template":"","meta":[],"product_brand":[1799],"product_cat":[1798],"product_tag":[1803,1804,1800,1802,1801],"class_list":{"0":"post-4088","1":"product","2":"type-product","3":"status-publish","4":"has-post-thumbnail","6":"product_brand-aoc","7":"product_cat-herni-monitory","8":"product_tag-144hz-180hz","9":"product_tag-g-sync-freesync","10":"product_tag-herni-monitor","11":"product_tag-ips","12":"product_tag-qhd","14":"first","15":"instock","16":"sale","17":"taxable","18":"shipping-taxable","19":"purchasable","20":"product-type-simple"},"jetpack_sharing_enabled":true,"_links":{"self":[{"href":"https:\/\/ete69e.pef.czu.cz\/ls2122\/wp-json\/wp\/v2\/product\/4088","targetHints":{"allow":["GET"]}}],"collection":[{"href":"https:\/\/ete69e.pef.czu.cz\/ls2122\/wp-json\/wp\/v2\/product"}],"about":[{"href":"https:\/\/ete69e.pef.czu.cz\/ls2122\/wp-json\/wp\/v2\/types\/product"}],"replies":[{"embeddable":true,"href":"https:\/\/ete69e.pef.czu.cz\/ls2122\/wp-json\/wp\/v2\/comments?post=4088"}],"wp:featuredmedia":[{"embeddable":true,"href":"https:\/\/ete69e.pef.czu.cz\/ls2122\/wp-json\/wp\/v2\/media\/4089"}],"wp:attachment":[{"href":"https:\/\/ete69e.pef.czu.cz\/ls2122\/wp-json\/wp\/v2\/media?parent=4088"}],"wp:term":[{"taxonomy":"product_brand","embeddable":true,"href":"https:\/\/ete69e.pef.czu.cz\/ls2122\/wp-json\/wp\/v2\/product_brand?post=4088"},{"taxonomy":"product_cat","embeddable":true,"href":"https:\/\/ete69e.pef.czu.cz\/ls2122\/wp-json\/wp\/v2\/product_cat?post=4088"},{"taxonomy":"product_tag","embeddable":true,"href":"https:\/\/ete69e.pef.czu.cz\/ls2122\/wp-json\/wp\/v2\/product_tag?post=4088"}],"curies":[{"name":"wp","href":"https:\/\/api.w.org\/{rel}","templated":true}]}}