{"id":4075,"date":"2026-04-03T16:30:43","date_gmt":"2026-04-03T14:30:43","guid":{"rendered":"https:\/\/ete69e.pef.czu.cz\/ls2122\/?post_type=product&#038;p=4075"},"modified":"2026-04-03T16:30:43","modified_gmt":"2026-04-03T14:30:43","slug":"cerny-caj-dian-hong-da-li-cha","status":"publish","type":"product","link":"https:\/\/ete69e.pef.czu.cz\/ls2122\/produkt\/cerny-caj-dian-hong-da-li-cha\/","title":{"rendered":"\u010cern\u00fd \u010daj Dian Hong Da Li Cha"},"content":{"rendered":"<p>Dian Hong Da Li Cha (<span lang=\"en-us\" xml:lang=\"en-us\">\u6ec7\u7d05<\/span><span lang=\"en-us\" xml:lang=\"en-us\">\u00a0<\/span><span lang=\"en-us\" xml:lang=\"en-us\">\u5927\u7406<\/span><span lang=\"en-us\" xml:lang=\"en-us\">\u00a0<\/span><span lang=\"en-us\" xml:lang=\"en-us\">\u8336<\/span>) je luxusn\u00ed \u010dern\u00fd \u010daj slo\u017een\u00fd v\u00fdhradn\u011b z nejmlad\u0161\u00edch \u010dajov\u00fdch l\u00edstk\u016f, kter\u00e9 p\u0159i zpracov\u00e1n\u00ed vytv\u00e1\u0159ej\u00ed zlatav\u00e9 ochm\u00fd\u0159en\u00e9 jehli\u010dky. P\u011bstuje se ve vesnici Yang Ta, kter\u00e1 se nach\u00e1z\u00ed v provincii J\u00fcn-nan. Da Li Cha je vyroben z divok\u00e9ho Camellia taliensis a p\u011bstuje se na plant\u00e1\u017ei 40-60 let star\u00fdch strom\u016f v nadmo\u0159sk\u00e9 v\u00fd\u0161ce kolem 1700 metr\u016f. \u010caj m\u00e1 n\u00e1padn\u00e9 dlouh\u00e9 zlat\u00e9 listy s matn\u011b \u010dernou spodn\u00ed stranou, kter\u00e9 maj\u00ed silnou a p\u0159ita\u017elivou sladkou a sladovou v\u016fni, vytv\u00e1\u0159\u00ed kr\u00e1sn\u00fd \u0161\u00e1lek, kter\u00fd se jemn\u011b li\u0161\u00ed od obvykl\u00e9ho v\u00fdb\u011bru \u010dern\u00fdch \u010daj\u016f J\u00fcn-nan \u2013 skute\u010dn\u011b podmaniv\u00fd a zaj\u00edmav\u00fd pro ka\u017ed\u00e9ho \u010dajov\u00e9ho nad\u0161ence.<\/p>\n","protected":false},"excerpt":{"rendered":"<p>Dian Hong Da Li Cha (\u6ec7\u7d05\u00a0\u5927\u7406\u00a0\u8336) je luxusn\u00ed \u010dern\u00fd \u010daj slo\u017een\u00fd v\u00fdhradn\u011b z nejmlad\u0161\u00edch \u010dajov\u00fdch l\u00edstk\u016f, kter\u00e9 p\u0159i zpracov\u00e1n\u00ed vytv\u00e1\u0159ej\u00ed zlatav\u00e9 ochm\u00fd\u0159en\u00e9 jehli\u010dky. P\u011bstuje se ve vesnici Yang Ta, kter\u00e1 se nach\u00e1z\u00ed v provincii J\u00fcn-nan. Da Li Cha je vyroben z divok\u00e9ho Camellia taliensis a p\u011bstuje se na plant\u00e1\u017ei 40-60 let star\u00fdch strom\u016f v nadmo\u0159sk\u00e9 [&hellip;]<\/p>\n","protected":false},"featured_media":4077,"comment_status":"open","ping_status":"closed","template":"","meta":[],"product_brand":[],"product_cat":[413,759,1069],"product_tag":[1787,1745,1781,1782,1785,1748,1784,1786,1783],"class_list":{"0":"post-4075","1":"product","2":"type-product","3":"status-publish","4":"has-post-thumbnail","6":"product_cat-caje","7":"product_cat-cerny-caj","8":"product_cat-sypane-caje","9":"product_tag-camellia-taliensis","10":"product_tag-cinsky-caj","11":"product_tag-dian-hong","12":"product_tag-jun-nan","13":"product_tag-luxusni-caj","14":"product_tag-rucni-sber","15":"product_tag-sladova-chut","16":"product_tag-vysokohorsky-caj","17":"product_tag-zlate-tipsy","19":"first","20":"instock","21":"taxable","22":"shipping-taxable","23":"purchasable","24":"product-type-simple"},"jetpack_sharing_enabled":true,"_links":{"self":[{"href":"https:\/\/ete69e.pef.czu.cz\/ls2122\/wp-json\/wp\/v2\/product\/4075","targetHints":{"allow":["GET"]}}],"collection":[{"href":"https:\/\/ete69e.pef.czu.cz\/ls2122\/wp-json\/wp\/v2\/product"}],"about":[{"href":"https:\/\/ete69e.pef.czu.cz\/ls2122\/wp-json\/wp\/v2\/types\/product"}],"replies":[{"embeddable":true,"href":"https:\/\/ete69e.pef.czu.cz\/ls2122\/wp-json\/wp\/v2\/comments?post=4075"}],"wp:featuredmedia":[{"embeddable":true,"href":"https:\/\/ete69e.pef.czu.cz\/ls2122\/wp-json\/wp\/v2\/media\/4077"}],"wp:attachment":[{"href":"https:\/\/ete69e.pef.czu.cz\/ls2122\/wp-json\/wp\/v2\/media?parent=4075"}],"wp:term":[{"taxonomy":"product_brand","embeddable":true,"href":"https:\/\/ete69e.pef.czu.cz\/ls2122\/wp-json\/wp\/v2\/product_brand?post=4075"},{"taxonomy":"product_cat","embeddable":true,"href":"https:\/\/ete69e.pef.czu.cz\/ls2122\/wp-json\/wp\/v2\/product_cat?post=4075"},{"taxonomy":"product_tag","embeddable":true,"href":"https:\/\/ete69e.pef.czu.cz\/ls2122\/wp-json\/wp\/v2\/product_tag?post=4075"}],"curies":[{"name":"wp","href":"https:\/\/api.w.org\/{rel}","templated":true}]}}