{"id":4069,"date":"2026-04-03T16:24:31","date_gmt":"2026-04-03T14:24:31","guid":{"rendered":"https:\/\/ete69e.pef.czu.cz\/ls2122\/?post_type=product&#038;p=4069"},"modified":"2026-04-03T16:24:31","modified_gmt":"2026-04-03T14:24:31","slug":"zeleny-jasminovy-caj","status":"publish","type":"product","link":"https:\/\/ete69e.pef.czu.cz\/ls2122\/produkt\/zeleny-jasminovy-caj\/","title":{"rendered":"Zelen\u00fd jasm\u00ednov\u00fd \u010daj"},"content":{"rendered":"<p>Nu Er Huan (<span lang=\"en-us\" xml:lang=\"en-us\">\u8309\u8389<\/span><span lang=\"en-us\" xml:lang=\"en-us\">\u00a0<\/span><span lang=\"en-us\" xml:lang=\"en-us\">\u5973\u513f<\/span><span lang=\"en-us\" xml:lang=\"en-us\">\u00a0<\/span><span lang=\"en-us\" xml:lang=\"en-us\">\u73af<\/span>) je organick\u00fd ovon\u011bn\u00fd zelen\u00fd \u010daj, kter\u00fd se p\u011bstuje v provincii J\u00fcn-nan a pot\u00e9 se aromatizuje jasm\u00ednem v \u010d\u00ednsk\u00e9 provincii Kuang-si. Ka\u017ed\u00fd prsten m\u00e1 jemnou chu\u0165 s \u010distou, sv\u011b\u017e\u00ed v\u016fn\u00ed po jasm\u00ednov\u00fdch kv\u011btech. Je to opravdov\u00e9 pot\u011b\u0161en\u00ed pro smysly, kr\u00e1sn\u00e9 na pohled a poh\u00e1dkov\u011b lahodn\u00e9 k\u00a0pit\u00ed<\/p>\n","protected":false},"excerpt":{"rendered":"<p>Nu Er Huan (\u8309\u8389\u00a0\u5973\u513f\u00a0\u73af) je organick\u00fd ovon\u011bn\u00fd zelen\u00fd \u010daj, kter\u00fd se p\u011bstuje v provincii J\u00fcn-nan a pot\u00e9 se aromatizuje jasm\u00ednem v \u010d\u00ednsk\u00e9 provincii Kuang-si. Ka\u017ed\u00fd prsten m\u00e1 jemnou chu\u0165 s \u010distou, sv\u011b\u017e\u00ed v\u016fn\u00ed po jasm\u00ednov\u00fdch kv\u011btech. Je to opravdov\u00e9 pot\u011b\u0161en\u00ed pro smysly, kr\u00e1sn\u00e9 na pohled a poh\u00e1dkov\u011b lahodn\u00e9 k\u00a0pit\u00ed<\/p>\n","protected":false},"featured_media":4071,"comment_status":"open","ping_status":"closed","template":"","meta":[],"product_brand":[],"product_cat":[1759,413,1069],"product_tag":[1769,1764,1763,1767,1765,278,1766,1751,1768,1317],"class_list":{"0":"post-4069","1":"product","2":"type-product","3":"status-publish","4":"has-post-thumbnail","6":"product_cat-bile-caje-caje","7":"product_cat-caje","8":"product_cat-sypane-caje","9":"product_tag-aromatizovany-caj","10":"product_tag-cina","11":"product_tag-jasminovy-caj","12":"product_tag-jemna-chut","13":"product_tag-jun-nan-kuang-si","14":"product_tag-kvetinova-vune","15":"product_tag-organicky-caj","16":"product_tag-premiova-kvalita","17":"product_tag-rucne-vazane-perly","18":"product_tag-zeleny-caj","20":"first","21":"instock","22":"taxable","23":"shipping-taxable","24":"purchasable","25":"product-type-simple"},"jetpack_sharing_enabled":true,"_links":{"self":[{"href":"https:\/\/ete69e.pef.czu.cz\/ls2122\/wp-json\/wp\/v2\/product\/4069","targetHints":{"allow":["GET"]}}],"collection":[{"href":"https:\/\/ete69e.pef.czu.cz\/ls2122\/wp-json\/wp\/v2\/product"}],"about":[{"href":"https:\/\/ete69e.pef.czu.cz\/ls2122\/wp-json\/wp\/v2\/types\/product"}],"replies":[{"embeddable":true,"href":"https:\/\/ete69e.pef.czu.cz\/ls2122\/wp-json\/wp\/v2\/comments?post=4069"}],"wp:featuredmedia":[{"embeddable":true,"href":"https:\/\/ete69e.pef.czu.cz\/ls2122\/wp-json\/wp\/v2\/media\/4071"}],"wp:attachment":[{"href":"https:\/\/ete69e.pef.czu.cz\/ls2122\/wp-json\/wp\/v2\/media?parent=4069"}],"wp:term":[{"taxonomy":"product_brand","embeddable":true,"href":"https:\/\/ete69e.pef.czu.cz\/ls2122\/wp-json\/wp\/v2\/product_brand?post=4069"},{"taxonomy":"product_cat","embeddable":true,"href":"https:\/\/ete69e.pef.czu.cz\/ls2122\/wp-json\/wp\/v2\/product_cat?post=4069"},{"taxonomy":"product_tag","embeddable":true,"href":"https:\/\/ete69e.pef.czu.cz\/ls2122\/wp-json\/wp\/v2\/product_tag?post=4069"}],"curies":[{"name":"wp","href":"https:\/\/api.w.org\/{rel}","templated":true}]}}