{"id":4065,"date":"2026-04-03T16:18:47","date_gmt":"2026-04-03T14:18:47","guid":{"rendered":"https:\/\/ete69e.pef.czu.cz\/ls2122\/?post_type=product&#038;p=4065"},"modified":"2026-04-03T16:41:34","modified_gmt":"2026-04-03T14:41:34","slug":"rooibos-cerveny","status":"publish","type":"product","link":"https:\/\/ete69e.pef.czu.cz\/ls2122\/produkt\/rooibos-cerveny\/","title":{"rendered":"Rooibos \u010derven\u00fd"},"content":{"rendered":"<p>Zem\u011b p\u016fvodu \u010derven\u00e9ho ke\u0159e je Ji\u017en\u00ed Afrika. Domorodci pou\u017e\u00edvali redbush k v\u00fdrob\u011b ovocn\u00e9ho sladk\u00e9ho \u010daje d\u00e1vno p\u0159ed Evropany. V\u011btve ke\u0159e byly vysu\u0161eny na slunci a pot\u00e9 nakr\u00e1jeny na mal\u00e9 kousky. Do dalek\u00fdch zem\u00ed byl \u010daj poprv\u00e9 exportov\u00e1n v 19. stolet\u00ed a od t\u00e9 doby jeho export st\u00e1le roste. V\u00fdsledkem bylo kontrolovan\u00e9 p\u011bstov\u00e1n\u00ed kdysi divoce rostouc\u00edho ke\u0159e. Kvalitn\u00ed \u010daj z \u010derven\u00e9ho ke\u0159e pozn\u00e1te podle rub\u00ednov\u00e9 barvy a jemn\u00e9, sladk\u00e9, charakteristick\u00e9, aromatick\u00e9 chuti.<\/p>\n","protected":false},"excerpt":{"rendered":"<p>Zem\u011b p\u016fvodu \u010derven\u00e9ho ke\u0159e je Ji\u017en\u00ed Afrika. Domorodci pou\u017e\u00edvali redbush k v\u00fdrob\u011b ovocn\u00e9ho sladk\u00e9ho \u010daje d\u00e1vno p\u0159ed Evropany. V\u011btve ke\u0159e byly vysu\u0161eny na slunci a pot\u00e9 nakr\u00e1jeny na mal\u00e9 kousky. Do dalek\u00fdch zem\u00ed byl \u010daj poprv\u00e9 exportov\u00e1n v 19. stolet\u00ed a od t\u00e9 doby jeho export st\u00e1le roste. V\u00fdsledkem bylo kontrolovan\u00e9 p\u011bstov\u00e1n\u00ed kdysi divoce rostouc\u00edho [&hellip;]<\/p>\n","protected":false},"featured_media":4068,"comment_status":"open","ping_status":"closed","template":"","meta":[],"product_brand":[],"product_cat":[769,413,1069],"product_tag":[667,1789,1788,1790],"class_list":{"0":"post-4065","1":"product","2":"type-product","3":"status-publish","4":"has-post-thumbnail","6":"product_cat-bylinny-caj","7":"product_cat-caje","8":"product_cat-sypane-caje","9":"product_tag-bez-kofeinu","10":"product_tag-jizni-afrika","11":"product_tag-rooibos-redbush","12":"product_tag-vhodne-vecer","14":"first","15":"instock","16":"taxable","17":"shipping-taxable","18":"purchasable","19":"product-type-simple"},"jetpack_sharing_enabled":true,"_links":{"self":[{"href":"https:\/\/ete69e.pef.czu.cz\/ls2122\/wp-json\/wp\/v2\/product\/4065","targetHints":{"allow":["GET"]}}],"collection":[{"href":"https:\/\/ete69e.pef.czu.cz\/ls2122\/wp-json\/wp\/v2\/product"}],"about":[{"href":"https:\/\/ete69e.pef.czu.cz\/ls2122\/wp-json\/wp\/v2\/types\/product"}],"replies":[{"embeddable":true,"href":"https:\/\/ete69e.pef.czu.cz\/ls2122\/wp-json\/wp\/v2\/comments?post=4065"}],"wp:featuredmedia":[{"embeddable":true,"href":"https:\/\/ete69e.pef.czu.cz\/ls2122\/wp-json\/wp\/v2\/media\/4068"}],"wp:attachment":[{"href":"https:\/\/ete69e.pef.czu.cz\/ls2122\/wp-json\/wp\/v2\/media?parent=4065"}],"wp:term":[{"taxonomy":"product_brand","embeddable":true,"href":"https:\/\/ete69e.pef.czu.cz\/ls2122\/wp-json\/wp\/v2\/product_brand?post=4065"},{"taxonomy":"product_cat","embeddable":true,"href":"https:\/\/ete69e.pef.czu.cz\/ls2122\/wp-json\/wp\/v2\/product_cat?post=4065"},{"taxonomy":"product_tag","embeddable":true,"href":"https:\/\/ete69e.pef.czu.cz\/ls2122\/wp-json\/wp\/v2\/product_tag?post=4065"}],"curies":[{"name":"wp","href":"https:\/\/api.w.org\/{rel}","templated":true}]}}