{"id":4062,"date":"2026-04-03T16:14:03","date_gmt":"2026-04-03T14:14:03","guid":{"rendered":"https:\/\/ete69e.pef.czu.cz\/ls2122\/?post_type=product&#038;p=4062"},"modified":"2026-04-03T16:35:50","modified_gmt":"2026-04-03T14:35:50","slug":"oolong-tie-guan-yin","status":"publish","type":"product","link":"https:\/\/ete69e.pef.czu.cz\/ls2122\/produkt\/oolong-tie-guan-yin\/","title":{"rendered":"Oolong Tie Guan Yin"},"content":{"rendered":"<p>Slavn\u00fd polooxidovan\u00fd oolong Tie Guan Yin je v \u010c\u00edn\u011b pova\u017eov\u00e1n za tyrkysov\u00fd \u010daj. N\u011bco mezi zelenou a \u010dernou odr\u016fdou, na kter\u00e9 jsme zvykl\u00ed. N\u00e1zev se p\u0159ekl\u00e1d\u00e1 jako bohyn\u011b milosrdenstv\u00ed a \u010c\u00ed\u0148an\u00e9 zach\u00e1zej\u00ed s t\u00edmto n\u00e1pojem se zvl\u00e1\u0161tn\u00ed l\u00e1skou a hrdost\u00ed. Na seznamu nejobl\u00edben\u011bj\u0161\u00edch \u010daj\u016f \u010c\u00edny Tie Guan Yin ur\u010dit\u011b zaujme jedno z prvn\u00edch m\u00edst. Krom\u011b klasick\u00e9 verze existuj\u00ed i \u200b\u200bjin\u00e9 odr\u016fdy,\u00a0 \u0159emesln\u00edci experimentuj\u00ed, roubuj\u00ed v\u011btve z jednoho ke\u0159e do druh\u00e9ho, zkou\u0161ej\u00ed r\u016fzn\u00e9 stupn\u011b su\u0161en\u00ed atd.<\/p>\n<p>&nbsp;<\/p>\n","protected":false},"excerpt":{"rendered":"<p>Slavn\u00fd polooxidovan\u00fd oolong Tie Guan Yin je v \u010c\u00edn\u011b pova\u017eov\u00e1n za tyrkysov\u00fd \u010daj. N\u011bco mezi zelenou a \u010dernou odr\u016fdou, na kter\u00e9 jsme zvykl\u00ed. N\u00e1zev se p\u0159ekl\u00e1d\u00e1 jako bohyn\u011b milosrdenstv\u00ed a \u010c\u00ed\u0148an\u00e9 zach\u00e1zej\u00ed s t\u00edmto n\u00e1pojem se zvl\u00e1\u0161tn\u00ed l\u00e1skou a hrdost\u00ed. Na seznamu nejobl\u00edben\u011bj\u0161\u00edch \u010daj\u016f \u010c\u00edny Tie Guan Yin ur\u010dit\u011b zaujme jedno z prvn\u00edch m\u00edst. Krom\u011b [&hellip;]<\/p>\n","protected":false},"featured_media":4064,"comment_status":"open","ping_status":"closed","template":"","meta":[],"product_brand":[],"product_cat":[413,771],"product_tag":[1744,1750,1745,1746,763,1742,1749,1751,1748,1741,1747,1743],"class_list":{"0":"post-4062","1":"product","2":"type-product","3":"status-publish","4":"has-post-thumbnail","6":"product_cat-caje","7":"product_cat-oolong-caj","8":"product_tag-bohyne-milosrdenstvi","9":"product_tag-cajovy-obrad","10":"product_tag-cinsky-caj","11":"product_tag-jemne-oxidovany","12":"product_tag-kvetinova-chut","13":"product_tag-oolong","14":"product_tag-orientalni-caj","15":"product_tag-premiova-kvalita","16":"product_tag-rucni-sber","17":"product_tag-tie-guan-yin","18":"product_tag-tradicni-zpracovani","19":"product_tag-tyrkysovy-caj","21":"first","22":"instock","23":"taxable","24":"shipping-taxable","25":"purchasable","26":"product-type-simple"},"jetpack_sharing_enabled":true,"_links":{"self":[{"href":"https:\/\/ete69e.pef.czu.cz\/ls2122\/wp-json\/wp\/v2\/product\/4062","targetHints":{"allow":["GET"]}}],"collection":[{"href":"https:\/\/ete69e.pef.czu.cz\/ls2122\/wp-json\/wp\/v2\/product"}],"about":[{"href":"https:\/\/ete69e.pef.czu.cz\/ls2122\/wp-json\/wp\/v2\/types\/product"}],"replies":[{"embeddable":true,"href":"https:\/\/ete69e.pef.czu.cz\/ls2122\/wp-json\/wp\/v2\/comments?post=4062"}],"wp:featuredmedia":[{"embeddable":true,"href":"https:\/\/ete69e.pef.czu.cz\/ls2122\/wp-json\/wp\/v2\/media\/4064"}],"wp:attachment":[{"href":"https:\/\/ete69e.pef.czu.cz\/ls2122\/wp-json\/wp\/v2\/media?parent=4062"}],"wp:term":[{"taxonomy":"product_brand","embeddable":true,"href":"https:\/\/ete69e.pef.czu.cz\/ls2122\/wp-json\/wp\/v2\/product_brand?post=4062"},{"taxonomy":"product_cat","embeddable":true,"href":"https:\/\/ete69e.pef.czu.cz\/ls2122\/wp-json\/wp\/v2\/product_cat?post=4062"},{"taxonomy":"product_tag","embeddable":true,"href":"https:\/\/ete69e.pef.czu.cz\/ls2122\/wp-json\/wp\/v2\/product_tag?post=4062"}],"curies":[{"name":"wp","href":"https:\/\/api.w.org\/{rel}","templated":true}]}}