{"id":4040,"date":"2026-04-03T15:07:16","date_gmt":"2026-04-03T13:07:16","guid":{"rendered":"https:\/\/ete69e.pef.czu.cz\/ls2122\/?post_type=product&#038;p=4040"},"modified":"2026-04-03T15:26:52","modified_gmt":"2026-04-03T13:26:52","slug":"sidolux-sprej-proti-prachu-na-nabytek","status":"publish","type":"product","link":"https:\/\/ete69e.pef.czu.cz\/ls2122\/produkt\/sidolux-sprej-proti-prachu-na-nabytek\/","title":{"rendered":"Sidolux \u2013 sprej proti prachu na n\u00e1bytek"},"content":{"rendered":"<p>Sprej Sidolux vytv\u00e1\u0159\u00ed antistatick\u00fd film, kter\u00fd zpomaluje usazov\u00e1n\u00ed prachu a\u017e o 50 %. Je vhodn\u00fd pro d\u0159evo, lamin\u00e1t, sklo, plasty i lakovan\u00e9 povrchy. Zanech\u00e1v\u00e1 jemn\u00fd lesk, p\u0159\u00edjemnou v\u016fni a povrchy chr\u00e1n\u00ed p\u0159ed zne\u010di\u0161t\u011bn\u00edm. Ide\u00e1ln\u00ed pro rychl\u00e9 ka\u017edodenn\u00ed \u010di\u0161t\u011bn\u00ed.<\/p>\n","protected":false},"excerpt":{"rendered":"<p>Sprej Sidolux vytv\u00e1\u0159\u00ed antistatick\u00fd film, kter\u00fd zpomaluje usazov\u00e1n\u00ed prachu a\u017e o 50 %. Je vhodn\u00fd pro d\u0159evo, lamin\u00e1t, sklo, plasty i lakovan\u00e9 povrchy. Zanech\u00e1v\u00e1 jemn\u00fd lesk, p\u0159\u00edjemnou v\u016fni a povrchy chr\u00e1n\u00ed p\u0159ed zne\u010di\u0161t\u011bn\u00edm. Ide\u00e1ln\u00ed pro rychl\u00e9 ka\u017edodenn\u00ed \u010di\u0161t\u011bn\u00ed.<\/p>\n","protected":false},"featured_media":4043,"comment_status":"open","ping_status":"closed","template":"","meta":[],"product_brand":[1719],"product_cat":[803],"product_tag":[1722,1724,1126,1723,1721,1720,1709],"class_list":{"0":"post-4040","1":"product","2":"type-product","3":"status-publish","4":"has-post-thumbnail","6":"product_brand-sidolux","7":"product_cat-cistici-prostredky","8":"product_tag-antistaticky-efekt","9":"product_tag-domacnost","10":"product_tag-lesk","11":"product_tag-nabytek","12":"product_tag-proti-prachu","13":"product_tag-sidolux","14":"product_tag-sprej","16":"first","17":"instock","18":"taxable","19":"shipping-taxable","20":"purchasable","21":"product-type-variable"},"jetpack_sharing_enabled":true,"_links":{"self":[{"href":"https:\/\/ete69e.pef.czu.cz\/ls2122\/wp-json\/wp\/v2\/product\/4040","targetHints":{"allow":["GET"]}}],"collection":[{"href":"https:\/\/ete69e.pef.czu.cz\/ls2122\/wp-json\/wp\/v2\/product"}],"about":[{"href":"https:\/\/ete69e.pef.czu.cz\/ls2122\/wp-json\/wp\/v2\/types\/product"}],"replies":[{"embeddable":true,"href":"https:\/\/ete69e.pef.czu.cz\/ls2122\/wp-json\/wp\/v2\/comments?post=4040"}],"wp:featuredmedia":[{"embeddable":true,"href":"https:\/\/ete69e.pef.czu.cz\/ls2122\/wp-json\/wp\/v2\/media\/4043"}],"wp:attachment":[{"href":"https:\/\/ete69e.pef.czu.cz\/ls2122\/wp-json\/wp\/v2\/media?parent=4040"}],"wp:term":[{"taxonomy":"product_brand","embeddable":true,"href":"https:\/\/ete69e.pef.czu.cz\/ls2122\/wp-json\/wp\/v2\/product_brand?post=4040"},{"taxonomy":"product_cat","embeddable":true,"href":"https:\/\/ete69e.pef.czu.cz\/ls2122\/wp-json\/wp\/v2\/product_cat?post=4040"},{"taxonomy":"product_tag","embeddable":true,"href":"https:\/\/ete69e.pef.czu.cz\/ls2122\/wp-json\/wp\/v2\/product_tag?post=4040"}],"curies":[{"name":"wp","href":"https:\/\/api.w.org\/{rel}","templated":true}]}}