{"id":4036,"date":"2026-04-03T15:03:50","date_gmt":"2026-04-03T13:03:50","guid":{"rendered":"https:\/\/ete69e.pef.czu.cz\/ls2122\/?post_type=product&#038;p=4036"},"modified":"2026-04-03T15:27:29","modified_gmt":"2026-04-03T13:27:29","slug":"clin-streak-free-cistic-skel-a-zrcadel","status":"publish","type":"product","link":"https:\/\/ete69e.pef.czu.cz\/ls2122\/produkt\/clin-streak-free-cistic-skel-a-zrcadel\/","title":{"rendered":"Clin Streak Free \u2013 \u010disti\u010d skel a zrcadel"},"content":{"rendered":"<p>Clin Streak Free zaji\u0161\u0165uje dokonale \u010dist\u00e1 okna, skla a zrcadla bez jedin\u00e9 \u0161mouhy. D\u00edky obohacen\u00ed alkoholem rychle schne a zanech\u00e1v\u00e1 povrch jasn\u00fd a leskl\u00fd. Je vhodn\u00fd pro zrcadla, okna, sklen\u011bn\u00e9 plochy, lakovan\u00e9 povrchy i keramiku. Praktick\u00fd rozpra\u0161ova\u010d usnad\u0148uje rovnom\u011brn\u00e9 nanesen\u00ed.<\/p>\n","protected":false},"excerpt":{"rendered":"<p>Clin Streak Free zaji\u0161\u0165uje dokonale \u010dist\u00e1 okna, skla a zrcadla bez jedin\u00e9 \u0161mouhy. D\u00edky obohacen\u00ed alkoholem rychle schne a zanech\u00e1v\u00e1 povrch jasn\u00fd a leskl\u00fd. Je vhodn\u00fd pro zrcadla, okna, sklen\u011bn\u00e9 plochy, lakovan\u00e9 povrchy i keramiku. Praktick\u00fd rozpra\u0161ova\u010d usnad\u0148uje rovnom\u011brn\u00e9 nanesen\u00ed.<\/p>\n","protected":false},"featured_media":4039,"comment_status":"open","ping_status":"closed","template":"","meta":[],"product_brand":[1711],"product_cat":[803],"product_tag":[1716,1715,1718,1712,1717,1713,1714],"class_list":{"0":"post-4036","1":"product","2":"type-product","3":"status-publish","4":"has-post-thumbnail","6":"product_brand-clin","7":"product_cat-cistici-prostredky","8":"product_tag-alcohol-formula","9":"product_tag-bez-smouh","10":"product_tag-cisteni","11":"product_tag-clin","12":"product_tag-okna","13":"product_tag-skla","14":"product_tag-zrcadla","16":"first","17":"instock","18":"taxable","19":"shipping-taxable","20":"purchasable","21":"product-type-variable"},"jetpack_sharing_enabled":true,"_links":{"self":[{"href":"https:\/\/ete69e.pef.czu.cz\/ls2122\/wp-json\/wp\/v2\/product\/4036","targetHints":{"allow":["GET"]}}],"collection":[{"href":"https:\/\/ete69e.pef.czu.cz\/ls2122\/wp-json\/wp\/v2\/product"}],"about":[{"href":"https:\/\/ete69e.pef.czu.cz\/ls2122\/wp-json\/wp\/v2\/types\/product"}],"replies":[{"embeddable":true,"href":"https:\/\/ete69e.pef.czu.cz\/ls2122\/wp-json\/wp\/v2\/comments?post=4036"}],"wp:featuredmedia":[{"embeddable":true,"href":"https:\/\/ete69e.pef.czu.cz\/ls2122\/wp-json\/wp\/v2\/media\/4039"}],"wp:attachment":[{"href":"https:\/\/ete69e.pef.czu.cz\/ls2122\/wp-json\/wp\/v2\/media?parent=4036"}],"wp:term":[{"taxonomy":"product_brand","embeddable":true,"href":"https:\/\/ete69e.pef.czu.cz\/ls2122\/wp-json\/wp\/v2\/product_brand?post=4036"},{"taxonomy":"product_cat","embeddable":true,"href":"https:\/\/ete69e.pef.czu.cz\/ls2122\/wp-json\/wp\/v2\/product_cat?post=4036"},{"taxonomy":"product_tag","embeddable":true,"href":"https:\/\/ete69e.pef.czu.cz\/ls2122\/wp-json\/wp\/v2\/product_tag?post=4036"}],"curies":[{"name":"wp","href":"https:\/\/api.w.org\/{rel}","templated":true}]}}