{"id":4026,"date":"2026-04-03T14:45:08","date_gmt":"2026-04-03T12:45:08","guid":{"rendered":"https:\/\/ete69e.pef.czu.cz\/ls2122\/?post_type=product&#038;p=4026"},"modified":"2026-04-03T15:24:24","modified_gmt":"2026-04-03T13:24:24","slug":"sanytol-dezinfekcni-cistic-podlahy-plochy","status":"publish","type":"product","link":"https:\/\/ete69e.pef.czu.cz\/ls2122\/produkt\/sanytol-dezinfekcni-cistic-podlahy-plochy\/","title":{"rendered":"Sanytol Dezinfek\u010dn\u00ed \u010disti\u010d \u2013 podlahy &amp; plochy"},"content":{"rendered":"<p>Univerz\u00e1ln\u00ed dezinfek\u010dn\u00ed \u010disti\u010d Sanytol \u00fa\u010dinn\u011b ni\u010d\u00ed bakterie, viry i pl\u00edsn\u011b, a to bez pou\u017eit\u00ed chl\u00f3ru. Je ide\u00e1ln\u00ed pro \u010di\u0161t\u011bn\u00ed podlah, pracovn\u00edch desek, koupelen i m\u00edst s vy\u0161\u0161\u00edm hygienick\u00fdm n\u00e1rokem. Nezanech\u00e1v\u00e1 \u0161mouhy, p\u0159\u00edjemn\u011b von\u00ed a je vhodn\u00fd pro dom\u00e1cnosti s d\u011btmi \u010di dom\u00e1c\u00edmi mazl\u00ed\u010dky.<\/p>\n","protected":false},"excerpt":{"rendered":"<p>Univerz\u00e1ln\u00ed dezinfek\u010dn\u00ed \u010disti\u010d Sanytol \u00fa\u010dinn\u011b ni\u010d\u00ed bakterie, viry i pl\u00edsn\u011b, a to bez pou\u017eit\u00ed chl\u00f3ru. Je ide\u00e1ln\u00ed pro \u010di\u0161t\u011bn\u00ed podlah, pracovn\u00edch desek, koupelen i m\u00edst s vy\u0161\u0161\u00edm hygienick\u00fdm n\u00e1rokem. Nezanech\u00e1v\u00e1 \u0161mouhy, p\u0159\u00edjemn\u011b von\u00ed a je vhodn\u00fd pro dom\u00e1cnosti s d\u011btmi \u010di dom\u00e1c\u00edmi mazl\u00ed\u010dky.<\/p>\n","protected":false},"featured_media":4029,"comment_status":"open","ping_status":"closed","template":"","meta":[],"product_brand":[1725],"product_cat":[803],"product_tag":[1705,1706,1702,886,111,1704,1703,1701],"class_list":{"0":"post-4026","1":"product","2":"type-product","3":"status-publish","4":"has-post-thumbnail","6":"product_brand-sanytol","7":"product_cat-cistici-prostredky","8":"product_tag-antibakterialni","9":"product_tag-antivirovy-cistic","10":"product_tag-bez-chloru","11":"product_tag-dezinfekce","12":"product_tag-hygiena","13":"product_tag-plochy","14":"product_tag-podlahy","15":"product_tag-sanytol","17":"first","18":"instock","19":"taxable","20":"shipping-taxable","21":"purchasable","22":"product-type-variable"},"jetpack_sharing_enabled":true,"_links":{"self":[{"href":"https:\/\/ete69e.pef.czu.cz\/ls2122\/wp-json\/wp\/v2\/product\/4026","targetHints":{"allow":["GET"]}}],"collection":[{"href":"https:\/\/ete69e.pef.czu.cz\/ls2122\/wp-json\/wp\/v2\/product"}],"about":[{"href":"https:\/\/ete69e.pef.czu.cz\/ls2122\/wp-json\/wp\/v2\/types\/product"}],"replies":[{"embeddable":true,"href":"https:\/\/ete69e.pef.czu.cz\/ls2122\/wp-json\/wp\/v2\/comments?post=4026"}],"wp:featuredmedia":[{"embeddable":true,"href":"https:\/\/ete69e.pef.czu.cz\/ls2122\/wp-json\/wp\/v2\/media\/4029"}],"wp:attachment":[{"href":"https:\/\/ete69e.pef.czu.cz\/ls2122\/wp-json\/wp\/v2\/media?parent=4026"}],"wp:term":[{"taxonomy":"product_brand","embeddable":true,"href":"https:\/\/ete69e.pef.czu.cz\/ls2122\/wp-json\/wp\/v2\/product_brand?post=4026"},{"taxonomy":"product_cat","embeddable":true,"href":"https:\/\/ete69e.pef.czu.cz\/ls2122\/wp-json\/wp\/v2\/product_cat?post=4026"},{"taxonomy":"product_tag","embeddable":true,"href":"https:\/\/ete69e.pef.czu.cz\/ls2122\/wp-json\/wp\/v2\/product_tag?post=4026"}],"curies":[{"name":"wp","href":"https:\/\/api.w.org\/{rel}","templated":true}]}}