{"id":4015,"date":"2026-04-03T14:46:56","date_gmt":"2026-04-03T12:46:56","guid":{"rendered":"https:\/\/ete69e.pef.czu.cz\/ls2122\/?post_type=product&#038;p=4015"},"modified":"2026-04-03T15:15:01","modified_gmt":"2026-04-03T13:15:01","slug":"plysova-veverka-hneda","status":"publish","type":"product","link":"https:\/\/ete69e.pef.czu.cz\/ls2122\/produkt\/plysova-veverka-hneda\/","title":{"rendered":"Ply\u0161ov\u00e1 veverka &#8211; hn\u011bd\u00e1"},"content":{"rendered":"<p><span style=\"font-weight: 400\">Seznamte se s tou nejroztomilej\u0161\u00ed veverkou, kter\u00e1 v\u00e1s okouzl\u00ed na prvn\u00ed pohled! Jej\u00ed hebou\u010dk\u00fd ply\u0161 je jako stvo\u0159en\u00fd pro mazlen\u00ed, hran\u00ed i chvilky odpo\u010dinku, jej\u00ed v\u00fdrazn\u00e1 o\u010dka a na\u010dechran\u00fd oc\u00e1sek ji d\u011blaj\u00ed nep\u0159ehl\u00e9dnutelnou. A\u0165 u\u017e si ji p\u0159inesete do d\u011btsk\u00e9ho pokoj\u00ed\u010dku, nebo ji polo\u017e\u00edte na sv\u016fj st\u016fl jako vesel\u00fd dopln\u011bk, tato ply\u0161ov\u00e1 veverka dok\u00e1\u017ee rozjasnit ka\u017ed\u00fd den. Sta\u010d\u00ed ji obejmout a hned se c\u00edt\u00edte l\u00e9pe. Mal\u00fd par\u0165\u00e1k s velk\u00fdm srdcem!<\/span><\/p>\n","protected":false},"excerpt":{"rendered":"<p><span class=\"x3jgonx\">Hebk\u00e1 ply\u0161ov\u00e1 veverka, kter\u00e1 p\u0159in\u00e1\u0161\u00ed kousek lesn\u00ed pohody p\u0159\u00edmo k v\u00e1m dom\u016f. D\u00edky jemn\u00e9mu materi\u00e1lu a kompaktn\u00ed velikosti je ide\u00e1ln\u00ed jako mal\u00fd spole\u010dn\u00edk na cesty i odpo\u010dinek. Jej\u00ed p\u0159irozen\u00e9 barvy a roztomil\u00fd vzhled pot\u011b\u0161\u00ed d\u011bti i dosp\u011bl\u00e9. Skv\u011bl\u00e1 jako mil\u00fd d\u00e1rek nebo nen\u00e1padn\u00e1 dekorace s p\u0159\u00edrodn\u00edm n\u00e1dechem.<\/span><\/p>\n","protected":false},"featured_media":4019,"comment_status":"open","ping_status":"closed","template":"","meta":[],"product_brand":[],"product_cat":[1544],"product_tag":[1700,1697,1698,1699],"class_list":{"0":"post-4015","1":"product","2":"type-product","3":"status-publish","4":"has-post-thumbnail","6":"product_cat-plysova-hracka","7":"product_tag-kamarad","8":"product_tag-lesni-zviratko","9":"product_tag-mekky-plysak","10":"product_tag-roztomile","12":"first","13":"instock","14":"sale","15":"taxable","16":"shipping-taxable","17":"purchasable","18":"product-type-simple"},"jetpack_sharing_enabled":true,"_links":{"self":[{"href":"https:\/\/ete69e.pef.czu.cz\/ls2122\/wp-json\/wp\/v2\/product\/4015","targetHints":{"allow":["GET"]}}],"collection":[{"href":"https:\/\/ete69e.pef.czu.cz\/ls2122\/wp-json\/wp\/v2\/product"}],"about":[{"href":"https:\/\/ete69e.pef.czu.cz\/ls2122\/wp-json\/wp\/v2\/types\/product"}],"replies":[{"embeddable":true,"href":"https:\/\/ete69e.pef.czu.cz\/ls2122\/wp-json\/wp\/v2\/comments?post=4015"}],"wp:featuredmedia":[{"embeddable":true,"href":"https:\/\/ete69e.pef.czu.cz\/ls2122\/wp-json\/wp\/v2\/media\/4019"}],"wp:attachment":[{"href":"https:\/\/ete69e.pef.czu.cz\/ls2122\/wp-json\/wp\/v2\/media?parent=4015"}],"wp:term":[{"taxonomy":"product_brand","embeddable":true,"href":"https:\/\/ete69e.pef.czu.cz\/ls2122\/wp-json\/wp\/v2\/product_brand?post=4015"},{"taxonomy":"product_cat","embeddable":true,"href":"https:\/\/ete69e.pef.czu.cz\/ls2122\/wp-json\/wp\/v2\/product_cat?post=4015"},{"taxonomy":"product_tag","embeddable":true,"href":"https:\/\/ete69e.pef.czu.cz\/ls2122\/wp-json\/wp\/v2\/product_tag?post=4015"}],"curies":[{"name":"wp","href":"https:\/\/api.w.org\/{rel}","templated":true}]}}