{"id":4012,"date":"2026-04-03T14:36:27","date_gmt":"2026-04-03T12:36:27","guid":{"rendered":"https:\/\/ete69e.pef.czu.cz\/ls2122\/?post_type=product&#038;p=4012"},"modified":"2026-04-03T15:23:19","modified_gmt":"2026-04-03T13:23:19","slug":"jar-sensitive-jemny-prostredek-na-rucni-myti-nadobi","status":"publish","type":"product","link":"https:\/\/ete69e.pef.czu.cz\/ls2122\/produkt\/jar-sensitive-jemny-prostredek-na-rucni-myti-nadobi\/","title":{"rendered":"Jar Sensitive \u2013 jemn\u00fd prost\u0159edek na ru\u010dn\u00ed myt\u00ed n\u00e1dob\u00ed"},"content":{"rendered":"<p>Jar Sensitive je vyvinut tak, aby byl \u0161etrn\u00fd nejen k n\u00e1dob\u00ed, ale i k poko\u017ece va\u0161ich rukou. D\u00edky jemn\u00e9mu slo\u017een\u00ed s aloe vera a he\u0159m\u00e1nkem \u00fa\u010dinn\u011b odstra\u0148uje mastnotu, zanech\u00e1v\u00e1 n\u00e1dob\u00ed dokonale \u010dist\u00e9 a z\u00e1rove\u0148 minimalizuje podr\u00e1\u017ed\u011bn\u00ed poko\u017eky. Je ide\u00e1ln\u00ed pro ka\u017edodenn\u00ed pou\u017eit\u00ed v dom\u00e1cnostech i profi kuchyn\u00edch, kde je pot\u0159eba chr\u00e1nit ruce p\u0159ed \u010dast\u00fdm myt\u00edm.<\/p>\n","protected":false},"excerpt":{"rendered":"<p>Jar Sensitive je vyvinut tak, aby byl \u0161etrn\u00fd nejen k n\u00e1dob\u00ed, ale i k poko\u017ece va\u0161ich rukou. D\u00edky jemn\u00e9mu slo\u017een\u00ed s aloe vera a he\u0159m\u00e1nkem \u00fa\u010dinn\u011b odstra\u0148uje mastnotu, zanech\u00e1v\u00e1 n\u00e1dob\u00ed dokonale \u010dist\u00e9 a z\u00e1rove\u0148 minimalizuje podr\u00e1\u017ed\u011bn\u00ed poko\u017eky. Je ide\u00e1ln\u00ed pro ka\u017edodenn\u00ed pou\u017eit\u00ed v dom\u00e1cnostech i profi kuchyn\u00edch, kde je pot\u0159eba chr\u00e1nit ruce p\u0159ed \u010dast\u00fdm myt\u00edm.<\/p>\n","protected":false},"featured_media":4014,"comment_status":"open","ping_status":"closed","template":"","meta":[],"product_brand":[1726],"product_cat":[803],"product_tag":[1694,1064,779,1690,1692,1693,1695,1691,1696],"class_list":{"0":"post-4012","1":"product","2":"type-product","3":"status-publish","4":"has-post-thumbnail","6":"product_brand-jar","7":"product_cat-cistici-prostredky","8":"product_tag-aloe-vera","9":"product_tag-hermanek","10":"product_tag-hypoalergenni","11":"product_tag-jar","12":"product_tag-jemny","13":"product_tag-nadobi","14":"product_tag-rucni-myti","15":"product_tag-sensitive","16":"product_tag-setrne-k-pokozce","18":"first","19":"instock","20":"sale","21":"taxable","22":"shipping-taxable","23":"purchasable","24":"product-type-variable"},"jetpack_sharing_enabled":true,"_links":{"self":[{"href":"https:\/\/ete69e.pef.czu.cz\/ls2122\/wp-json\/wp\/v2\/product\/4012","targetHints":{"allow":["GET"]}}],"collection":[{"href":"https:\/\/ete69e.pef.czu.cz\/ls2122\/wp-json\/wp\/v2\/product"}],"about":[{"href":"https:\/\/ete69e.pef.czu.cz\/ls2122\/wp-json\/wp\/v2\/types\/product"}],"replies":[{"embeddable":true,"href":"https:\/\/ete69e.pef.czu.cz\/ls2122\/wp-json\/wp\/v2\/comments?post=4012"}],"wp:featuredmedia":[{"embeddable":true,"href":"https:\/\/ete69e.pef.czu.cz\/ls2122\/wp-json\/wp\/v2\/media\/4014"}],"wp:attachment":[{"href":"https:\/\/ete69e.pef.czu.cz\/ls2122\/wp-json\/wp\/v2\/media?parent=4012"}],"wp:term":[{"taxonomy":"product_brand","embeddable":true,"href":"https:\/\/ete69e.pef.czu.cz\/ls2122\/wp-json\/wp\/v2\/product_brand?post=4012"},{"taxonomy":"product_cat","embeddable":true,"href":"https:\/\/ete69e.pef.czu.cz\/ls2122\/wp-json\/wp\/v2\/product_cat?post=4012"},{"taxonomy":"product_tag","embeddable":true,"href":"https:\/\/ete69e.pef.czu.cz\/ls2122\/wp-json\/wp\/v2\/product_tag?post=4012"}],"curies":[{"name":"wp","href":"https:\/\/api.w.org\/{rel}","templated":true}]}}