{"id":4005,"date":"2026-04-03T14:07:54","date_gmt":"2026-04-03T12:07:54","guid":{"rendered":"https:\/\/ete69e.pef.czu.cz\/ls2122\/?post_type=product&#038;p=4005"},"modified":"2026-04-03T14:26:08","modified_gmt":"2026-04-03T12:26:08","slug":"vysoce-odolne-kulate-tkanicky-se-zpevnenym-jadrem-odolne-proti-oderu-a-chemikaliim","status":"publish","type":"product","link":"https:\/\/ete69e.pef.czu.cz\/ls2122\/produkt\/vysoce-odolne-kulate-tkanicky-se-zpevnenym-jadrem-odolne-proti-oderu-a-chemikaliim\/","title":{"rendered":"Vysoce odoln\u00e9 kulat\u00e9 tkani\u010dky se zpevn\u011bn\u00fdm j\u00e1drem, odoln\u00e9 proti od\u011bru a chemik\u00e1li\u00edm"},"content":{"rendered":"<p>Vysoce odoln\u00e9 kulat\u00e9 tkani\u010dky se zpevn\u011bn\u00fdm j\u00e1drem, odoln\u00e9 proti od\u011bru a chemik\u00e1li\u00edm<strong id=\"yui_3_18_1_1_1775215001729_20\">.<\/strong><\/p>\n","protected":false},"excerpt":{"rendered":"<p>Vysoce odoln\u00e9 kulat\u00e9 tkani\u010dky navr\u017een\u00e9 pro maxim\u00e1ln\u00ed \u017eivotnost i v n\u00e1ro\u010dn\u00fdch pracovn\u00edch podm\u00ednk\u00e1ch.<\/p>\n<p>Zpevn\u011bn\u00e9 j\u00e1dro zaji\u0161\u0165uje pevnost a spolehliv\u00e9 uta\u017een\u00ed, kter\u00e9 vydr\u017e\u00ed po cel\u00fd den. Odolnost proti od\u011bru i chemik\u00e1li\u00edm z nich d\u011bl\u00e1 ide\u00e1ln\u00ed volbu pro pracovn\u00ed obuv, kde se na ka\u017ed\u00fd detail m\u016f\u017eete spolehnout.<\/p>\n<p>Perfektn\u00ed dopln\u011bk, kter\u00fd prodlou\u017e\u00ed \u017eivotnost va\u0161ich bot i v extr\u00e9mn\u00edm provozu.<\/p>\n","protected":false},"featured_media":4010,"comment_status":"open","ping_status":"closed","template":"","meta":[],"product_brand":[],"product_cat":[954,940,1665],"product_tag":[965,1688,1689],"class_list":{"0":"post-4005","1":"product","2":"type-product","3":"status-publish","4":"has-post-thumbnail","6":"product_cat-doplnky-obleceni","7":"product_cat-obleceni","8":"product_cat-pracovni-obuv","9":"product_tag-doplnky","10":"product_tag-servis","11":"product_tag-skladem","12":"pa_varianty-120-cm","13":"pa_varianty-140-cm","15":"first","16":"instock","17":"sale","18":"taxable","19":"shipping-taxable","20":"purchasable","21":"product-type-variable"},"jetpack_sharing_enabled":true,"_links":{"self":[{"href":"https:\/\/ete69e.pef.czu.cz\/ls2122\/wp-json\/wp\/v2\/product\/4005","targetHints":{"allow":["GET"]}}],"collection":[{"href":"https:\/\/ete69e.pef.czu.cz\/ls2122\/wp-json\/wp\/v2\/product"}],"about":[{"href":"https:\/\/ete69e.pef.czu.cz\/ls2122\/wp-json\/wp\/v2\/types\/product"}],"replies":[{"embeddable":true,"href":"https:\/\/ete69e.pef.czu.cz\/ls2122\/wp-json\/wp\/v2\/comments?post=4005"}],"wp:featuredmedia":[{"embeddable":true,"href":"https:\/\/ete69e.pef.czu.cz\/ls2122\/wp-json\/wp\/v2\/media\/4010"}],"wp:attachment":[{"href":"https:\/\/ete69e.pef.czu.cz\/ls2122\/wp-json\/wp\/v2\/media?parent=4005"}],"wp:term":[{"taxonomy":"product_brand","embeddable":true,"href":"https:\/\/ete69e.pef.czu.cz\/ls2122\/wp-json\/wp\/v2\/product_brand?post=4005"},{"taxonomy":"product_cat","embeddable":true,"href":"https:\/\/ete69e.pef.czu.cz\/ls2122\/wp-json\/wp\/v2\/product_cat?post=4005"},{"taxonomy":"product_tag","embeddable":true,"href":"https:\/\/ete69e.pef.czu.cz\/ls2122\/wp-json\/wp\/v2\/product_tag?post=4005"}],"curies":[{"name":"wp","href":"https:\/\/api.w.org\/{rel}","templated":true}]}}