{"id":3999,"date":"2026-04-03T14:10:33","date_gmt":"2026-04-03T12:10:33","guid":{"rendered":"https:\/\/ete69e.pef.czu.cz\/ls2122\/?post_type=product&#038;p=3999"},"modified":"2026-04-03T14:26:21","modified_gmt":"2026-04-03T12:26:21","slug":"ponozky-dryfoot-tech","status":"publish","type":"product","link":"https:\/\/ete69e.pef.czu.cz\/ls2122\/produkt\/ponozky-dryfoot-tech\/","title":{"rendered":"Pono\u017eky DryFoot Tech"},"content":{"rendered":"<p>Anatomicky tvarovan\u00e9 pracovn\u00ed pono\u017eky s polstrovanou z\u00f3nou na pat\u011b a \u0161pi\u010dce. Odv\u00e1d\u00ed pot.<\/p>\n","protected":false},"excerpt":{"rendered":"<p>Anatomicky tvarovan\u00e9 pono\u017eky, kter\u00e9 se p\u0159izp\u016fsob\u00ed va\u0161im noh\u00e1m a poskytnou maxim\u00e1ln\u00ed pohodl\u00ed po cel\u00fd den.<\/p>\n<p>Polstrovan\u00e9 z\u00f3ny na pat\u011b a \u0161pi\u010dce tlum\u00ed n\u00e1razy a zvy\u0161uj\u00ed odolnost v nejv\u00edce nam\u00e1han\u00fdch m\u00edstech. D\u00edky schopnosti efektivn\u011b odv\u00e1d\u011bt pot z\u016fst\u00e1vaj\u00ed nohy such\u00e9 i p\u0159i n\u00e1ro\u010dn\u00e9 pr\u00e1ci.<\/p>\n<p>Ide\u00e1ln\u00ed dopln\u011bk pro ka\u017ed\u00e9ho, kdo chce sv\u00fdm noh\u00e1m dop\u0159\u00e1t komfort bez kompromis\u016f.<\/p>\n","protected":false},"featured_media":4004,"comment_status":"open","ping_status":"closed","template":"","meta":[],"product_brand":[],"product_cat":[954,940,1665],"product_tag":[965,1681,1682],"class_list":{"0":"post-3999","1":"product","2":"type-product","3":"status-publish","4":"has-post-thumbnail","6":"product_cat-doplnky-obleceni","7":"product_cat-obleceni","8":"product_cat-pracovni-obuv","9":"product_tag-doplnky","10":"product_tag-textil","11":"product_tag-vyprodej","13":"first","14":"instock","15":"sale","16":"taxable","17":"shipping-taxable","18":"purchasable","19":"product-type-variable"},"jetpack_sharing_enabled":true,"_links":{"self":[{"href":"https:\/\/ete69e.pef.czu.cz\/ls2122\/wp-json\/wp\/v2\/product\/3999","targetHints":{"allow":["GET"]}}],"collection":[{"href":"https:\/\/ete69e.pef.czu.cz\/ls2122\/wp-json\/wp\/v2\/product"}],"about":[{"href":"https:\/\/ete69e.pef.czu.cz\/ls2122\/wp-json\/wp\/v2\/types\/product"}],"replies":[{"embeddable":true,"href":"https:\/\/ete69e.pef.czu.cz\/ls2122\/wp-json\/wp\/v2\/comments?post=3999"}],"wp:featuredmedia":[{"embeddable":true,"href":"https:\/\/ete69e.pef.czu.cz\/ls2122\/wp-json\/wp\/v2\/media\/4004"}],"wp:attachment":[{"href":"https:\/\/ete69e.pef.czu.cz\/ls2122\/wp-json\/wp\/v2\/media?parent=3999"}],"wp:term":[{"taxonomy":"product_brand","embeddable":true,"href":"https:\/\/ete69e.pef.czu.cz\/ls2122\/wp-json\/wp\/v2\/product_brand?post=3999"},{"taxonomy":"product_cat","embeddable":true,"href":"https:\/\/ete69e.pef.czu.cz\/ls2122\/wp-json\/wp\/v2\/product_cat?post=3999"},{"taxonomy":"product_tag","embeddable":true,"href":"https:\/\/ete69e.pef.czu.cz\/ls2122\/wp-json\/wp\/v2\/product_tag?post=3999"}],"curies":[{"name":"wp","href":"https:\/\/api.w.org\/{rel}","templated":true}]}}