{"id":3972,"date":"2026-04-03T13:16:04","date_gmt":"2026-04-03T11:16:04","guid":{"rendered":"https:\/\/ete69e.pef.czu.cz\/ls2122\/?post_type=product&#038;p=3972"},"modified":"2026-04-03T14:26:42","modified_gmt":"2026-04-03T12:26:42","slug":"pracovni-obuv-shield-x1","status":"publish","type":"product","link":"https:\/\/ete69e.pef.czu.cz\/ls2122\/produkt\/pracovni-obuv-shield-x1\/","title":{"rendered":"Pracovn\u00ed obuv Shield X1"},"content":{"rendered":"<p>Lehk\u00e1 a prody\u0161n\u00e1 pracovn\u00ed polobotka s kompozitn\u00ed \u0161pi\u010dkou. Ide\u00e1ln\u00ed do vnit\u0159n\u00edch prostor a sklad\u016f.<\/p>\n","protected":false},"excerpt":{"rendered":"<p>Lehk\u00e1 a prody\u0161n\u00e1 pracovn\u00ed polobotka, kter\u00e1 v\u00e1m dop\u0159eje pohodl\u00ed i p\u0159i dlouh\u00fdch sm\u011bn\u00e1ch.<\/p>\n<p>Kompozitn\u00ed \u0161pi\u010dka zajist\u00ed spolehlivou ochranu bez zbyte\u010dn\u00e9 hmotnosti, tak\u017ee v\u00e1s nebude brzdit v pohybu. D\u00edky vzdu\u0161n\u00e9mu proveden\u00ed z\u016fst\u00e1vaj\u00ed nohy sv\u011b\u017e\u00ed po cel\u00fd den, co\u017e ocen\u00edte zejm\u00e9na p\u0159i pr\u00e1ci v interi\u00e9rech a skladech.<\/p>\n<p>Ide\u00e1ln\u00ed volba pro ty, kte\u0159\u00ed cht\u011bj\u00ed spojit bezpe\u010dnost s maxim\u00e1ln\u00edm komfortem.<\/p>\n","protected":false},"featured_media":3973,"comment_status":"open","ping_status":"closed","template":"","meta":[],"product_brand":[],"product_cat":[1665],"product_tag":[1666,23,1662],"class_list":{"0":"post-3972","1":"product","2":"type-product","3":"status-publish","4":"has-post-thumbnail","6":"product_cat-pracovni-obuv","7":"product_tag-lehka-ochrana","8":"product_tag-novinka","9":"product_tag-obuv","11":"first","12":"instock","13":"sale","14":"taxable","15":"shipping-taxable","16":"purchasable","17":"product-type-variable"},"jetpack_sharing_enabled":true,"_links":{"self":[{"href":"https:\/\/ete69e.pef.czu.cz\/ls2122\/wp-json\/wp\/v2\/product\/3972","targetHints":{"allow":["GET"]}}],"collection":[{"href":"https:\/\/ete69e.pef.czu.cz\/ls2122\/wp-json\/wp\/v2\/product"}],"about":[{"href":"https:\/\/ete69e.pef.czu.cz\/ls2122\/wp-json\/wp\/v2\/types\/product"}],"replies":[{"embeddable":true,"href":"https:\/\/ete69e.pef.czu.cz\/ls2122\/wp-json\/wp\/v2\/comments?post=3972"}],"wp:featuredmedia":[{"embeddable":true,"href":"https:\/\/ete69e.pef.czu.cz\/ls2122\/wp-json\/wp\/v2\/media\/3973"}],"wp:attachment":[{"href":"https:\/\/ete69e.pef.czu.cz\/ls2122\/wp-json\/wp\/v2\/media?parent=3972"}],"wp:term":[{"taxonomy":"product_brand","embeddable":true,"href":"https:\/\/ete69e.pef.czu.cz\/ls2122\/wp-json\/wp\/v2\/product_brand?post=3972"},{"taxonomy":"product_cat","embeddable":true,"href":"https:\/\/ete69e.pef.czu.cz\/ls2122\/wp-json\/wp\/v2\/product_cat?post=3972"},{"taxonomy":"product_tag","embeddable":true,"href":"https:\/\/ete69e.pef.czu.cz\/ls2122\/wp-json\/wp\/v2\/product_tag?post=3972"}],"curies":[{"name":"wp","href":"https:\/\/api.w.org\/{rel}","templated":true}]}}