{"id":3967,"date":"2026-04-03T12:20:47","date_gmt":"2026-04-03T10:20:47","guid":{"rendered":"https:\/\/ete69e.pef.czu.cz\/ls2122\/?post_type=product&#038;p=3967"},"modified":"2026-04-03T14:27:04","modified_gmt":"2026-04-03T12:27:04","slug":"pracovni-obuv-hammer-s3","status":"publish","type":"product","link":"https:\/\/ete69e.pef.czu.cz\/ls2122\/produkt\/pracovni-obuv-hammer-s3\/","title":{"rendered":"Pracovn\u00ed obuv Hammer S3"},"content":{"rendered":"<p>Celoko\u017een\u00e1 bezpe\u010dnostn\u00ed obuv s ocelovou \u0161pi\u010dkou a st\u00e9lkou odolnou proti prop\u00edchnut\u00ed. Vod\u011bodoln\u00e1 \u00faprava.<\/p>\n","protected":false},"excerpt":{"rendered":"<p>Celoko\u017een\u00e1 bezpe\u010dnostn\u00ed obuv, na kterou se m\u016f\u017eete spolehnout v ka\u017ed\u00e9 situaci.<\/p>\n<p>Kombinuje maxim\u00e1ln\u00ed ochranu s komfortem p\u0159i celodenn\u00edm no\u0161en\u00ed &#8211; ocelov\u00e1 \u0161pi\u010dka chr\u00e1n\u00ed va\u0161e prsty, zat\u00edmco st\u00e9lka odoln\u00e1 proti prop\u00edchnut\u00ed v\u00e1s podr\u017e\u00ed i v n\u00e1ro\u010dn\u00e9m ter\u00e9nu. D\u00edky vod\u011bodoln\u00e9 \u00faprav\u011b v\u00e1s nezasko\u010d\u00ed d\u00e9\u0161\u0165 ani vlhk\u00e9 prost\u0159ed\u00ed, tak\u017ee m\u016f\u017eete pracovat naplno bez kompromis\u016f.<\/p>\n<p>Ide\u00e1ln\u00ed volba pro ty, kte\u0159\u00ed berou bezpe\u010dnost i pohodl\u00ed v\u00e1\u017en\u011b.<\/p>\n","protected":false},"featured_media":3969,"comment_status":"open","ping_status":"closed","template":"","meta":[],"product_brand":[],"product_cat":[1665],"product_tag":[1281,1663,1662],"class_list":{"0":"post-3967","1":"product","2":"type-product","3":"status-publish","4":"has-post-thumbnail","6":"product_cat-pracovni-obuv","7":"product_tag-bestseller","8":"product_tag-bezpecnostni-prvky","9":"product_tag-obuv","11":"first","12":"instock","13":"sale","14":"taxable","15":"shipping-taxable","16":"purchasable","17":"product-type-variable"},"jetpack_sharing_enabled":true,"_links":{"self":[{"href":"https:\/\/ete69e.pef.czu.cz\/ls2122\/wp-json\/wp\/v2\/product\/3967","targetHints":{"allow":["GET"]}}],"collection":[{"href":"https:\/\/ete69e.pef.czu.cz\/ls2122\/wp-json\/wp\/v2\/product"}],"about":[{"href":"https:\/\/ete69e.pef.czu.cz\/ls2122\/wp-json\/wp\/v2\/types\/product"}],"replies":[{"embeddable":true,"href":"https:\/\/ete69e.pef.czu.cz\/ls2122\/wp-json\/wp\/v2\/comments?post=3967"}],"wp:featuredmedia":[{"embeddable":true,"href":"https:\/\/ete69e.pef.czu.cz\/ls2122\/wp-json\/wp\/v2\/media\/3969"}],"wp:attachment":[{"href":"https:\/\/ete69e.pef.czu.cz\/ls2122\/wp-json\/wp\/v2\/media?parent=3967"}],"wp:term":[{"taxonomy":"product_brand","embeddable":true,"href":"https:\/\/ete69e.pef.czu.cz\/ls2122\/wp-json\/wp\/v2\/product_brand?post=3967"},{"taxonomy":"product_cat","embeddable":true,"href":"https:\/\/ete69e.pef.czu.cz\/ls2122\/wp-json\/wp\/v2\/product_cat?post=3967"},{"taxonomy":"product_tag","embeddable":true,"href":"https:\/\/ete69e.pef.czu.cz\/ls2122\/wp-json\/wp\/v2\/product_tag?post=3967"}],"curies":[{"name":"wp","href":"https:\/\/api.w.org\/{rel}","templated":true}]}}