{"id":3959,"date":"2026-04-02T23:22:30","date_gmt":"2026-04-02T21:22:30","guid":{"rendered":"https:\/\/ete69e.pef.czu.cz\/ls2122\/?post_type=product&#038;p=3959"},"modified":"2026-04-02T23:25:48","modified_gmt":"2026-04-02T21:25:48","slug":"silikonova-plavecka-cepice-v-aquatics","status":"publish","type":"product","link":"https:\/\/ete69e.pef.czu.cz\/ls2122\/produkt\/silikonova-plavecka-cepice-v-aquatics\/","title":{"rendered":"Silikonov\u00e1 plaveck\u00e1 \u010depice V Aquatics"},"content":{"rendered":"<p>Hypoalergenn\u00ed silikonov\u00e1 \u010depice s vysokou odolnost\u00ed proti roztr\u017een\u00ed.<\/p>\n","protected":false},"excerpt":{"rendered":"<p>Materi\u00e1l je\u00a0<strong>100% silikon<\/strong>\u00a0&#8211; Silikon je velmi elastick\u00fd materi\u00e1l s velmi dlouhou \u017eivotnost\u00ed. Po pou\u017eit\u00ed doporu\u010dujeme opl\u00e1chnout pod tekouc\u00ed \u010distou vodou a nechat d\u016fkladn\u011b vyschnout.<\/p>\n<p>Tato plaveck\u00e1 \u010depi\u010dka\u00a0<strong>nepropou\u0161t\u00ed vodu<\/strong>\u00a0a velmi dob\u0159e tak chr\u00e1n\u00ed va\u0161e vlasy p\u0159ed namo\u010den\u00edm a hlavn\u011b p\u0159ed chlorem \u010di slanou vodou.<\/p>\n<p>Ur\u010deno v univerz\u00e1ln\u00ed velikosti pro\u00a0<strong>dosp\u011bl\u00e9<\/strong>.<\/p>\n","protected":false},"featured_media":3960,"comment_status":"open","ping_status":"closed","template":"","meta":[],"product_brand":[1644],"product_cat":[1636],"product_tag":[1645,1640,1638,1639],"class_list":{"0":"post-3959","1":"product","2":"type-product","3":"status-publish","4":"has-post-thumbnail","6":"product_brand-v-aquatics-swimming-academy","7":"product_cat-plavecke-vybaveni-2","8":"product_tag-cepice","9":"product_tag-plavani","10":"product_tag-plavecke-vybaveni","11":"product_tag-pomucky","13":"first","14":"instock","15":"sale","16":"taxable","17":"shipping-taxable","18":"purchasable","19":"product-type-simple"},"jetpack_sharing_enabled":true,"_links":{"self":[{"href":"https:\/\/ete69e.pef.czu.cz\/ls2122\/wp-json\/wp\/v2\/product\/3959","targetHints":{"allow":["GET"]}}],"collection":[{"href":"https:\/\/ete69e.pef.czu.cz\/ls2122\/wp-json\/wp\/v2\/product"}],"about":[{"href":"https:\/\/ete69e.pef.czu.cz\/ls2122\/wp-json\/wp\/v2\/types\/product"}],"replies":[{"embeddable":true,"href":"https:\/\/ete69e.pef.czu.cz\/ls2122\/wp-json\/wp\/v2\/comments?post=3959"}],"wp:featuredmedia":[{"embeddable":true,"href":"https:\/\/ete69e.pef.czu.cz\/ls2122\/wp-json\/wp\/v2\/media\/3960"}],"wp:attachment":[{"href":"https:\/\/ete69e.pef.czu.cz\/ls2122\/wp-json\/wp\/v2\/media?parent=3959"}],"wp:term":[{"taxonomy":"product_brand","embeddable":true,"href":"https:\/\/ete69e.pef.czu.cz\/ls2122\/wp-json\/wp\/v2\/product_brand?post=3959"},{"taxonomy":"product_cat","embeddable":true,"href":"https:\/\/ete69e.pef.czu.cz\/ls2122\/wp-json\/wp\/v2\/product_cat?post=3959"},{"taxonomy":"product_tag","embeddable":true,"href":"https:\/\/ete69e.pef.czu.cz\/ls2122\/wp-json\/wp\/v2\/product_tag?post=3959"}],"curies":[{"name":"wp","href":"https:\/\/api.w.org\/{rel}","templated":true}]}}