{"id":3955,"date":"2026-04-02T23:15:17","date_gmt":"2026-04-02T21:15:17","guid":{"rendered":"https:\/\/ete69e.pef.czu.cz\/ls2122\/?post_type=product&#038;p=3955"},"modified":"2026-04-02T23:25:36","modified_gmt":"2026-04-02T21:25:36","slug":"plavecky-celni-snorchl-finis-swimmers-snorkel","status":"publish","type":"product","link":"https:\/\/ete69e.pef.czu.cz\/ls2122\/produkt\/plavecky-celni-snorchl-finis-swimmers-snorkel\/","title":{"rendered":"Plaveck\u00fd \u010deln\u00ed \u0161norchl Finis Swimmer&#8217;s Snorkel"},"content":{"rendered":"<p>\u010celn\u00ed \u0161norchl pro stabilitu t\u011bla a zv\u00fd\u0161en\u00ed kapacity plic p\u0159i tr\u00e9ninku.<\/p>\n","protected":false},"excerpt":{"rendered":"<p><strong>Plaveck\u00fd \u010deln\u00ed \u0161norchl Finis\u00a0<\/strong>eliminuje rotaci t\u011bla p\u0159i d\u00fdch\u00e1n\u00ed a umo\u017e\u0148uje\u00a0<strong>soust\u0159edit se na rovnov\u00e1hu t\u011bla<\/strong>. D\u00fdch\u00e1n\u00ed pomoc\u00ed \u0161norchlu\u00a0<strong>zvy\u0161uje kapacitu plic<\/strong>. \u0160norchl m\u016f\u017ee b\u00fdt pou\u017e\u00edv\u00e1n s jak\u00fdmikoliv plaveck\u00fdmi br\u00fdlemi. Plaveck\u00fd \u010deln\u00ed \u0161norchl je v univerz\u00e1ln\u00ed velikosti pro dosp\u011bl\u00e9 a juniory star\u0161\u00ed 12 let. V\u00fd\u0161ka popruhu se d\u00e1 nastavit. Vhodn\u00fd do baz\u00e9nu pro n\u00e1cvik v\u011bt\u0161iny plaveck\u00fdch technik.<\/p>\n","protected":false},"featured_media":3956,"comment_status":"open","ping_status":"closed","template":"","meta":[],"product_brand":[1637],"product_cat":[1636],"product_tag":[1640,1638,1639],"class_list":{"0":"post-3955","1":"product","2":"type-product","3":"status-publish","4":"has-post-thumbnail","6":"product_brand-finis","7":"product_cat-plavecke-vybaveni-2","8":"product_tag-plavani","9":"product_tag-plavecke-vybaveni","10":"product_tag-pomucky","12":"first","13":"instock","14":"sale","15":"taxable","16":"shipping-taxable","17":"purchasable","18":"product-type-simple"},"jetpack_sharing_enabled":true,"_links":{"self":[{"href":"https:\/\/ete69e.pef.czu.cz\/ls2122\/wp-json\/wp\/v2\/product\/3955","targetHints":{"allow":["GET"]}}],"collection":[{"href":"https:\/\/ete69e.pef.czu.cz\/ls2122\/wp-json\/wp\/v2\/product"}],"about":[{"href":"https:\/\/ete69e.pef.czu.cz\/ls2122\/wp-json\/wp\/v2\/types\/product"}],"replies":[{"embeddable":true,"href":"https:\/\/ete69e.pef.czu.cz\/ls2122\/wp-json\/wp\/v2\/comments?post=3955"}],"wp:featuredmedia":[{"embeddable":true,"href":"https:\/\/ete69e.pef.czu.cz\/ls2122\/wp-json\/wp\/v2\/media\/3956"}],"wp:attachment":[{"href":"https:\/\/ete69e.pef.czu.cz\/ls2122\/wp-json\/wp\/v2\/media?parent=3955"}],"wp:term":[{"taxonomy":"product_brand","embeddable":true,"href":"https:\/\/ete69e.pef.czu.cz\/ls2122\/wp-json\/wp\/v2\/product_brand?post=3955"},{"taxonomy":"product_cat","embeddable":true,"href":"https:\/\/ete69e.pef.czu.cz\/ls2122\/wp-json\/wp\/v2\/product_cat?post=3955"},{"taxonomy":"product_tag","embeddable":true,"href":"https:\/\/ete69e.pef.czu.cz\/ls2122\/wp-json\/wp\/v2\/product_tag?post=3955"}],"curies":[{"name":"wp","href":"https:\/\/api.w.org\/{rel}","templated":true}]}}