{"id":3947,"date":"2026-04-02T22:50:20","date_gmt":"2026-04-02T20:50:20","guid":{"rendered":"https:\/\/ete69e.pef.czu.cz\/ls2122\/?post_type=product&#038;p=3947"},"modified":"2026-04-02T23:12:46","modified_gmt":"2026-04-02T21:12:46","slug":"lego-holiday-fireplace","status":"publish","type":"product","link":"https:\/\/ete69e.pef.czu.cz\/ls2122\/produkt\/lego-holiday-fireplace\/","title":{"rendered":"Lego Holiday Fireplace"},"content":{"rendered":"<p data-path-to-node=\"4\"><img loading=\"lazy\" decoding=\"async\" class=\"alignnone size-medium wp-image-3953\" src=\"https:\/\/ete69e.pef.czu.cz\/ls2122\/01\/wp-content\/uploads\/2026\/04\/Fireplace-300x200.jpg\" alt=\"\" width=\"300\" height=\"200\" srcset=\"https:\/\/ete69e.pef.czu.cz\/ls2122\/01\/wp-content\/uploads\/2026\/04\/Fireplace-300x200.jpg 300w, https:\/\/ete69e.pef.czu.cz\/ls2122\/01\/wp-content\/uploads\/2026\/04\/Fireplace-1024x683.jpg 1024w, https:\/\/ete69e.pef.czu.cz\/ls2122\/01\/wp-content\/uploads\/2026\/04\/Fireplace-768x512.jpg 768w, https:\/\/ete69e.pef.czu.cz\/ls2122\/01\/wp-content\/uploads\/2026\/04\/Fireplace-1536x1024.jpg 1536w, https:\/\/ete69e.pef.czu.cz\/ls2122\/01\/wp-content\/uploads\/2026\/04\/Fireplace-2048x1365.jpg 2048w, https:\/\/ete69e.pef.czu.cz\/ls2122\/01\/wp-content\/uploads\/2026\/04\/Fireplace-600x400.jpg 600w\" sizes=\"auto, (max-width: 300px) 100vw, 300px\" \/><\/p>\n<p data-path-to-node=\"4\">Oslavte desetilet\u00ed pln\u00e9 p\u0159\u00e1telstv\u00ed, kreativity a dobrodru\u017estv\u00ed v m\u011bste\u010dku Heartlake s t\u00edmto naprosto v\u00fdjime\u010dn\u00fdm modelem. Lego Holiday Fireplace nen\u00ed jen oby\u010dejn\u00fd set.\u00a0 Je to h\u0159ejiv\u00e1 pocta cel\u00e9mu sv\u011btu LEGO Friends, kter\u00e1 v sob\u011b snoub\u00ed kouzlo spole\u010dn\u00fdch chvil s magickou atmosf\u00e9rou zimn\u00edch sv\u00e1tk\u016f u rozz\u00e1\u0159en\u00e9ho krbu.<\/p>\n<p data-path-to-node=\"5\"><b data-path-to-node=\"5\" data-index-in-node=\"0\">Pro\u010d nesm\u00ed chyb\u011bt ve va\u0161\u00ed sb\u00edrce?<\/b><\/p>\n<ul data-path-to-node=\"6\">\n<li>\n<p data-path-to-node=\"6,0,0\"><b data-path-to-node=\"6,0,0\" data-index-in-node=\"0\">Exkluzivita nad zlato:<\/b> Tento set byl p\u016fvodn\u011b vyd\u00e1n v roce 2022 jako limitovan\u00fd v\u00e1no\u010dn\u00ed dar pro zam\u011bstnance LEGO Group. V b\u011b\u017en\u00e9 prodejn\u00ed s\u00edti ho nenajdete, co\u017e z n\u011bj \u010din\u00ed vz\u00e1cnou investi\u010dn\u00ed p\u0159\u00edle\u017eitost a opravdov\u00fd sb\u011bratelsk\u00fd klenot.<\/p>\n<\/li>\n<li>\n<p data-path-to-node=\"6,1,0\"><b data-path-to-node=\"6,1,0\" data-index-in-node=\"0\">Krb pln\u00fd vzpom\u00ednek:<\/b> Model je doslova pro\u0161pikov\u00e1n \u201eeaster eggy\u201c a odkazy na uplynulou dek\u00e1du. P\u011btice barevn\u00fdch v\u00e1no\u010dn\u00edch pun\u010doch a drobn\u00e9 modely na krbov\u00e9 \u0159\u00edmse symbolizuj\u00ed kon\u00ed\u010dky a z\u00e1jmy p\u016fvodn\u00edch p\u011bti hrdinek, kter\u00e9 st\u00e1ly u zrodu t\u00e9to popul\u00e1rn\u00ed s\u00e9rie.<\/p>\n<\/li>\n<li>\n<p data-path-to-node=\"6,2,0\"><b data-path-to-node=\"6,2,0\" data-index-in-node=\"0\">\u00datuln\u00e1 zimn\u00ed atmosf\u00e9ra:<\/b> Zapome\u0148te na shon v\u0161edn\u00edch dn\u016f, tentokr\u00e1t v Heartlake vl\u00e1dne naprost\u00e1 sv\u00e1te\u010dn\u00ed pohoda. Dominantou setu je masivn\u00ed zdoben\u00fd krb s v\u00e1no\u010dn\u00edm v\u011bncem a d\u00e1rky. Nav\u00edc obsahuje sv\u011btelnou kostku (Light Brick), d\u00edky kter\u00e9 ohe\u0148 v krbu po stisknut\u00ed magicky z\u00e1\u0159\u00ed!<\/p>\n<\/li>\n<li>\n<p data-path-to-node=\"6,3,0\"><b data-path-to-node=\"6,3,0\" data-index-in-node=\"0\">Unik\u00e1tn\u00ed minipanenky:<\/b> Set je kr\u00e1snou nostalgi\u00ed a obsahuje p\u016fvodn\u00ed p\u011btici hlavn\u00edch kamar\u00e1dek Andreu, Emmu, Miu, Olivii a Stephanii. Nechyb\u00ed ani exkluzivn\u00ed v\u00fdro\u010dn\u00ed logo \u201eLego Holiday Fireplace\u201c, kter\u00e9 tomuto modelu dod\u00e1v\u00e1 na jedine\u010dnost.<\/p>\n<\/li>\n<\/ul>\n","protected":false},"excerpt":{"rendered":"<p><strong>Stavebnice LEGO Holiday Fireplace p\u0159edstavuje model v\u00e1no\u010dn\u00edho krbu s dekoracemi, d\u00e1rky a pun\u010dochami. Model obsahuje detailn\u011b zpracovan\u00fd krb s osv\u011btlen\u00edm, kter\u00fd vytv\u00e1\u0159\u00ed p\u0159\u00edjemnou sv\u00e1te\u010dn\u00ed atmosf\u00e9ru. Sou\u010d\u00e1st\u00ed jsou tak\u00e9 minifigurky z \u0159ady LEGO friends.<\/strong><\/p>\n","protected":false},"featured_media":3953,"comment_status":"open","ping_status":"closed","template":"","meta":[],"product_brand":[1548],"product_cat":[585],"product_tag":[],"class_list":{"0":"post-3947","1":"product","2":"type-product","3":"status-publish","4":"has-post-thumbnail","6":"product_brand-lego","7":"product_cat-lego-stavebnice","9":"first","10":"instock","11":"taxable","12":"shipping-taxable","13":"purchasable","14":"product-type-simple"},"jetpack_sharing_enabled":true,"_links":{"self":[{"href":"https:\/\/ete69e.pef.czu.cz\/ls2122\/wp-json\/wp\/v2\/product\/3947","targetHints":{"allow":["GET"]}}],"collection":[{"href":"https:\/\/ete69e.pef.czu.cz\/ls2122\/wp-json\/wp\/v2\/product"}],"about":[{"href":"https:\/\/ete69e.pef.czu.cz\/ls2122\/wp-json\/wp\/v2\/types\/product"}],"replies":[{"embeddable":true,"href":"https:\/\/ete69e.pef.czu.cz\/ls2122\/wp-json\/wp\/v2\/comments?post=3947"}],"wp:featuredmedia":[{"embeddable":true,"href":"https:\/\/ete69e.pef.czu.cz\/ls2122\/wp-json\/wp\/v2\/media\/3953"}],"wp:attachment":[{"href":"https:\/\/ete69e.pef.czu.cz\/ls2122\/wp-json\/wp\/v2\/media?parent=3947"}],"wp:term":[{"taxonomy":"product_brand","embeddable":true,"href":"https:\/\/ete69e.pef.czu.cz\/ls2122\/wp-json\/wp\/v2\/product_brand?post=3947"},{"taxonomy":"product_cat","embeddable":true,"href":"https:\/\/ete69e.pef.czu.cz\/ls2122\/wp-json\/wp\/v2\/product_cat?post=3947"},{"taxonomy":"product_tag","embeddable":true,"href":"https:\/\/ete69e.pef.czu.cz\/ls2122\/wp-json\/wp\/v2\/product_tag?post=3947"}],"curies":[{"name":"wp","href":"https:\/\/api.w.org\/{rel}","templated":true}]}}