{"id":3946,"date":"2026-04-02T22:50:43","date_gmt":"2026-04-02T20:50:43","guid":{"rendered":"https:\/\/ete69e.pef.czu.cz\/ls2122\/?post_type=product&#038;p=3946"},"modified":"2026-04-02T23:29:13","modified_gmt":"2026-04-02T21:29:13","slug":"plavecke-ploutve-finis-edge-fins","status":"publish","type":"product","link":"https:\/\/ete69e.pef.czu.cz\/ls2122\/produkt\/plavecke-ploutve-finis-edge-fins\/","title":{"rendered":"Plaveck\u00e9 ploutve Finis Edge Fins"},"content":{"rendered":"<p>Tr\u00e9ninkov\u00e9 ploutve pro zlep\u0161en\u00ed techniky kopu a pos\u00edlen\u00ed nohou. Vyrobeno ze 100% silikonu.<\/p>\n","protected":false},"excerpt":{"rendered":"<p><strong>Finis Edge Fins<\/strong>\u00a0jsou tr\u00e9ninkov\u00e9 ploutve pro dosahov\u00e1n\u00ed skv\u011bl\u00fdch v\u00fdkon\u016f. Tyto ploutve byly v laborato\u0159\u00edch Finis navr\u017eeny tak, aby\u00a0<strong>optimalizovaly tr\u00e9nink,<\/strong>\u00a0byly v souladu s p\u0159irozen\u00fdm kop\u00e1n\u00edm plavce a z\u00e1rove\u0148 poskytovaly naprost\u00fd komfort.<\/p>\n<p>Ploutve jsou vyrobeny ze\u00a0<strong>100% silikonu\u00a0<\/strong>pomoc\u00ed\u00a0<strong>technologie\u00a0SmartFin\u2122<\/strong>, co\u017e umo\u017e\u0148uje prov\u00e1d\u011bt spr\u00e1vn\u00fd kop ve vysok\u00e9 rychlosti. Tato technologie kombinuje\u00a0<strong>spr\u00e1vn\u00fd \u00fahel listu ploutve<\/strong>\u00a0s\u00a0<strong>hydrodynamick\u00fdmi otvory.<\/strong>\u00a0D\u00edky tomu se zlep\u0161uje kardiovaskul\u00e1rn\u00ed vytrvalost a posiluj\u00ed se kl\u00ed\u010dov\u00e9 svaly. Spr\u00e1vn\u00fd kop podporuj\u00ed i\u00a0<strong>zes\u00edlen\u00e9 bo\u010dn\u00ed li\u0161ty.<\/strong><\/p>\n<p>Ploutve na noze dr\u017e\u00ed d\u00edky<strong>\u00a0p\u00e1sku p\u0159es patu.<\/strong><\/p>\n","protected":false},"featured_media":3948,"comment_status":"open","ping_status":"closed","template":"","meta":[],"product_brand":[1637],"product_cat":[1646,1636],"product_tag":[1640,1638,1643,1639],"class_list":{"0":"post-3946","1":"product","2":"type-product","3":"status-publish","4":"has-post-thumbnail","6":"product_brand-finis","7":"product_cat-plavani","8":"product_cat-plavecke-vybaveni-2","9":"product_tag-plavani","10":"product_tag-plavecke-vybaveni","11":"product_tag-ploutve","12":"product_tag-pomucky","14":"first","15":"instock","16":"sale","17":"taxable","18":"shipping-taxable","19":"purchasable","20":"product-type-simple"},"jetpack_sharing_enabled":true,"_links":{"self":[{"href":"https:\/\/ete69e.pef.czu.cz\/ls2122\/wp-json\/wp\/v2\/product\/3946","targetHints":{"allow":["GET"]}}],"collection":[{"href":"https:\/\/ete69e.pef.czu.cz\/ls2122\/wp-json\/wp\/v2\/product"}],"about":[{"href":"https:\/\/ete69e.pef.czu.cz\/ls2122\/wp-json\/wp\/v2\/types\/product"}],"replies":[{"embeddable":true,"href":"https:\/\/ete69e.pef.czu.cz\/ls2122\/wp-json\/wp\/v2\/comments?post=3946"}],"wp:featuredmedia":[{"embeddable":true,"href":"https:\/\/ete69e.pef.czu.cz\/ls2122\/wp-json\/wp\/v2\/media\/3948"}],"wp:attachment":[{"href":"https:\/\/ete69e.pef.czu.cz\/ls2122\/wp-json\/wp\/v2\/media?parent=3946"}],"wp:term":[{"taxonomy":"product_brand","embeddable":true,"href":"https:\/\/ete69e.pef.czu.cz\/ls2122\/wp-json\/wp\/v2\/product_brand?post=3946"},{"taxonomy":"product_cat","embeddable":true,"href":"https:\/\/ete69e.pef.czu.cz\/ls2122\/wp-json\/wp\/v2\/product_cat?post=3946"},{"taxonomy":"product_tag","embeddable":true,"href":"https:\/\/ete69e.pef.czu.cz\/ls2122\/wp-json\/wp\/v2\/product_tag?post=3946"}],"curies":[{"name":"wp","href":"https:\/\/api.w.org\/{rel}","templated":true}]}}