{"id":3925,"date":"2026-04-02T21:23:12","date_gmt":"2026-04-02T19:23:12","guid":{"rendered":"https:\/\/ete69e.pef.czu.cz\/ls2122\/?post_type=product&#038;p=3925"},"modified":"2026-04-02T22:34:14","modified_gmt":"2026-04-02T20:34:14","slug":"pribinacek-s-vanilkovou-prichuti","status":"publish","type":"product","link":"https:\/\/ete69e.pef.czu.cz\/ls2122\/produkt\/pribinacek-s-vanilkovou-prichuti\/","title":{"rendered":"Pribin\u00e1\u010dek s vanilkovou p\u0159\u00edchut\u00ed"},"content":{"rendered":"<p>Smetanov\u00fd kr\u00e9m s\u00a0vanilkovou p\u0159\u00edchut\u00ed, termizovan\u00fd. Pramen zdrav\u00ed z Pos\u00e1zav\u00ed, z \u010derstv\u00e9ho tvarohu a smetany, bez um\u011bl\u00fdch barviv a konzervant\u016f. Vyzna\u010duje se hustou, kr\u00e9movou texturou, neobsahuje lepek.<\/p>\n<p>&nbsp;<\/p>\n","protected":false},"excerpt":{"rendered":"<p>Smetanov\u00fd kr\u00e9m s\u00a0vanilkovou p\u0159\u00edchut\u00ed, termizovan\u00fd. Pramen zdrav\u00ed z Pos\u00e1zav\u00ed, z \u010derstv\u00e9ho tvarohu a smetany, bez um\u011bl\u00fdch barviv a konzervant\u016f. Vyzna\u010duje se hustou, kr\u00e9movou texturou, neobsahuje lepek. &nbsp;<\/p>\n","protected":false},"featured_media":3926,"comment_status":"open","ping_status":"closed","template":"","meta":[],"product_brand":[1616],"product_cat":[1393,1628,1284,1627],"product_tag":[1626,1624,1625,454],"class_list":{"0":"post-3925","1":"product","2":"type-product","3":"status-publish","4":"has-post-thumbnail","6":"product_brand-pribinacek","7":"product_cat-mlecne-vyrobky-potraviny","8":"product_cat-mlecne-vyrobky-pro-deti","9":"product_cat-potraviny","10":"product_cat-tvarohove-dezerty","11":"product_tag-detsky-dezert","12":"product_tag-sladky-dezert","13":"product_tag-tvarohovy-dezert","14":"product_tag-vanilka","15":"pa_varianty-125g","16":"pa_varianty-70g","18":"first","19":"instock","20":"sale","21":"taxable","22":"shipping-taxable","23":"purchasable","24":"product-type-variable","25":"has-default-attributes"},"jetpack_sharing_enabled":true,"_links":{"self":[{"href":"https:\/\/ete69e.pef.czu.cz\/ls2122\/wp-json\/wp\/v2\/product\/3925","targetHints":{"allow":["GET"]}}],"collection":[{"href":"https:\/\/ete69e.pef.czu.cz\/ls2122\/wp-json\/wp\/v2\/product"}],"about":[{"href":"https:\/\/ete69e.pef.czu.cz\/ls2122\/wp-json\/wp\/v2\/types\/product"}],"replies":[{"embeddable":true,"href":"https:\/\/ete69e.pef.czu.cz\/ls2122\/wp-json\/wp\/v2\/comments?post=3925"}],"wp:featuredmedia":[{"embeddable":true,"href":"https:\/\/ete69e.pef.czu.cz\/ls2122\/wp-json\/wp\/v2\/media\/3926"}],"wp:attachment":[{"href":"https:\/\/ete69e.pef.czu.cz\/ls2122\/wp-json\/wp\/v2\/media?parent=3925"}],"wp:term":[{"taxonomy":"product_brand","embeddable":true,"href":"https:\/\/ete69e.pef.czu.cz\/ls2122\/wp-json\/wp\/v2\/product_brand?post=3925"},{"taxonomy":"product_cat","embeddable":true,"href":"https:\/\/ete69e.pef.czu.cz\/ls2122\/wp-json\/wp\/v2\/product_cat?post=3925"},{"taxonomy":"product_tag","embeddable":true,"href":"https:\/\/ete69e.pef.czu.cz\/ls2122\/wp-json\/wp\/v2\/product_tag?post=3925"}],"curies":[{"name":"wp","href":"https:\/\/api.w.org\/{rel}","templated":true}]}}