{"id":3903,"date":"2026-04-02T19:24:37","date_gmt":"2026-04-02T17:24:37","guid":{"rendered":"https:\/\/ete69e.pef.czu.cz\/ls2122\/?post_type=product&#038;p=3903"},"modified":"2026-04-03T20:46:50","modified_gmt":"2026-04-03T18:46:50","slug":"essen-kachlovy-krb-na-pelety","status":"publish","type":"product","link":"https:\/\/ete69e.pef.czu.cz\/ls2122\/produkt\/essen-kachlovy-krb-na-pelety\/","title":{"rendered":"ESSEN &#8211; kachlov\u00fd krb na pelety"},"content":{"rendered":"<p id=\"yui_3_18_1_1_1775153614441_635\">Pe\u010dliv\u00e1 pozornost, z n\u00ed\u017e se vytv\u00e1\u0159\u00ed malba na kachlov\u00e9m krbu <strong>ESSEN,<\/strong> zaru\u010duje jedine\u010dn\u00fd a neopakovateln\u00fd ru\u010dn\u011b vyr\u00e1b\u011bn\u00fd krb, ale i vysoce kvalitn\u00ed topn\u00fd zdroj ur\u010den\u00fd k rovnom\u011brn\u00e9mu \u0161\u00ed\u0159en\u00ed tepla.<\/p>\n<p id=\"yui_3_18_1_1_1775153614441_666\">Kachle zdoben\u00e9 ru\u010dn\u00ed malbou odr\u00e1\u017e\u00ed tradici a vytv\u00e1\u0159\u00ed pocit domova s l\u00e1skou ke klasice. Modern\u00ed technologie zaji\u0161\u0165uje pohodl\u00ed v provozu bez starost\u00ed s p\u0159\u00edpravou \u0161t\u00edp\u00e1n\u00ed d\u0159\u00edv\u00ed.<\/p>\n<p><img loading=\"lazy\" decoding=\"async\" class=\"size-medium wp-image-3909 alignright\" src=\"https:\/\/ete69e.pef.czu.cz\/ls2122\/01\/wp-content\/uploads\/2026\/04\/essen-kachle-pelety-300x300.jpg\" alt=\"\" width=\"300\" height=\"300\" srcset=\"https:\/\/ete69e.pef.czu.cz\/ls2122\/01\/wp-content\/uploads\/2026\/04\/essen-kachle-pelety-300x300.jpg 300w, https:\/\/ete69e.pef.czu.cz\/ls2122\/01\/wp-content\/uploads\/2026\/04\/essen-kachle-pelety-150x150.jpg 150w, https:\/\/ete69e.pef.czu.cz\/ls2122\/01\/wp-content\/uploads\/2026\/04\/essen-kachle-pelety-768x768.jpg 768w, https:\/\/ete69e.pef.czu.cz\/ls2122\/01\/wp-content\/uploads\/2026\/04\/essen-kachle-pelety-600x600.jpg 600w, https:\/\/ete69e.pef.czu.cz\/ls2122\/01\/wp-content\/uploads\/2026\/04\/essen-kachle-pelety-100x100.jpg 100w, https:\/\/ete69e.pef.czu.cz\/ls2122\/01\/wp-content\/uploads\/2026\/04\/essen-kachle-pelety.jpg 800w\" sizes=\"auto, (max-width: 300px) 100vw, 300px\" \/><\/p>\n<p>Na\u0161e kachlov\u00e9 krby vyr\u00e1b\u00ed italsk\u00e1 rodinn\u00e1 firma s dlouholetou tradic\u00ed ve spolupr\u00e1ci s renomovanou v\u00fdrobn\u00ed tov\u00e1rnou. Ka\u017ed\u00fd model vznik\u00e1 s maxim\u00e1ln\u00ed p\u00e9\u010d\u00ed o detail \u2013 od ru\u010dn\u00ed malby kachl\u00ed, a\u017e po dokonale promy\u0161lenou konstrukci topeni\u0161t\u011b.<br \/>\nKa\u017ed\u00fd krb je unik\u00e1tn\u00ed kus, kter\u00fd do va\u0161eho interi\u00e9ru vnese styl, teplo a osobitost.<\/p>\n<h3 id=\"yui_3_18_1_1_1775144931806_809\" dir=\"ltr\"><span id=\"yui_3_18_1_1_1775144931806_810\"><em id=\"yui_3_18_1_1_1775144931806_811\"><em id=\"yui_3_18_1_1_1775144931806_812\">KOU\u0158OVOD\u00a0<\/em><\/em><\/span><\/h3>\n<p><em>DOZADU<\/em><\/p>\n<h3><em>PALIVO<\/em><\/h3>\n<p><em>PELETY<\/em><\/p>\n<h3 dir=\"ltr\"><em>PROVEDEN\u00cd<\/em><\/h3>\n<ul id=\"yui_3_18_1_1_1775153614441_901\">\n<li id=\"yui_3_18_1_1_1775153614441_902\"><strong id=\"yui_3_18_1_1_1775153614441_903\">KLASIKA S\u016eL a PEP\u0158 &#8211;\u00a0<\/strong>kachle jednobarevn\u00e9 v kr\u00e9mov\u00e9 barv\u011b s\u016fl a pep\u0159<\/li>\n<li id=\"yui_3_18_1_1_1775153614441_904\"><strong id=\"yui_3_18_1_1_1775153614441_905\">KLASIKA B\u00cdL\u00c1 &#8211;<\/strong> kachle jednobarevn\u00e9 v b\u00edl\u00e9 barv\u011b<\/li>\n<li id=\"yui_3_18_1_1_1775153614441_907\"><strong id=\"yui_3_18_1_1_1775153614441_908\">PRESTIGE &#8211; <\/strong><span id=\"yui_3_18_1_1_1775153614441_906\">spodn\u00ed a vrchn\u00ed <\/span><span id=\"yui_3_18_1_1_1775153614441_909\"><\/span><span id=\"yui_3_18_1_1_1775153614441_906\">kachlov\u00e9 hrany v kombinaci barev dle v\u00fdb\u011bru ze 4 odst\u00edn\u016f v\u010detn\u011b ru\u010dn\u011b malovan\u00e9ho zdoben\u00ed<\/span><\/li>\n<\/ul>\n<p id=\"yui_3_18_1_1_1775153614441_913\" dir=\"ltr\"><em id=\"yui_3_18_1_1_1775153614441_914\"><strong id=\"yui_3_18_1_1_1775153614441_915\">PRESTIGE &#8211; BAREVN\u00c1 VARIACE<\/strong><\/em><\/p>\n<p><em id=\"yui_3_18_1_1_1775153614441_914\">zelen\u00e1, modr\u00e1, b\u00e9\u017eov\u00e1, terakotov\u00e1<\/em><\/p>\n<h3 dir=\"ltr\"><em>V\u00ddKON<\/em><\/h3>\n<p dir=\"ltr\"><em>10 kW, 14 kW<\/em><\/p>\n<h3 dir=\"ltr\"><em>ROZM\u011aRY<\/em><\/h3>\n<p dir=\"ltr\"><img loading=\"lazy\" decoding=\"async\" class=\"alignnone size-medium wp-image-3910\" src=\"https:\/\/ete69e.pef.czu.cz\/ls2122\/01\/wp-content\/uploads\/2026\/04\/essen-rozmery-300x300.jpg\" alt=\"\" width=\"300\" height=\"300\" srcset=\"https:\/\/ete69e.pef.czu.cz\/ls2122\/01\/wp-content\/uploads\/2026\/04\/essen-rozmery-300x300.jpg 300w, https:\/\/ete69e.pef.czu.cz\/ls2122\/01\/wp-content\/uploads\/2026\/04\/essen-rozmery-150x150.jpg 150w, https:\/\/ete69e.pef.czu.cz\/ls2122\/01\/wp-content\/uploads\/2026\/04\/essen-rozmery-100x100.jpg 100w, https:\/\/ete69e.pef.czu.cz\/ls2122\/01\/wp-content\/uploads\/2026\/04\/essen-rozmery.jpg 452w\" sizes=\"auto, (max-width: 300px) 100vw, 300px\" \/><\/p>\n","protected":false},"excerpt":{"rendered":"<p>Kachlov\u00fd krb <strong>ESSEN<\/strong> je <strong>ru\u010dn\u011b malovan\u00fd teplovzdu\u0161n\u00fd krb na pelety<\/strong>, kter\u00fd vynik\u00e1 jedine\u010dnou \u0159emeslnou kvalitou a tradi\u010dn\u00edm vzhledem. Ka\u017ed\u00fd kus je origin\u00e1l \u2014 kachle jsou ru\u010dn\u011b zdoben\u00e9 a vytv\u00e1\u0159ej\u00ed h\u0159ejivou atmosf\u00e9ru domova. Modern\u00ed technologie zaji\u0161\u0165uje pohodln\u00fd provoz bez starost\u00ed. Vysok\u00e1 \u00fa\u010dinnost a\u017e <strong>91,5 %<\/strong> a rovnom\u011brn\u00e9 \u0161\u00ed\u0159en\u00ed tepla d\u00edky patentovan\u00e9mu v\u00fdm\u011bn\u00edku. Krb o v\u00fdkonu <strong>10 kW<\/strong> vytop\u00ed a\u017e <strong>340 m\u00b3. <\/strong>Disponuje pokojov\u00fdm termostatem, mo\u017enost\u00ed d\u00e1lkov\u00e9ho ovl\u00e1d\u00e1n\u00ed, WI-FI modulem a ventilac\u00ed tepl\u00e9ho vzduchu a\u017e do 10 m. Je vhodn\u00fd do tradi\u010dn\u00edch i modern\u00edch interi\u00e9r\u016f a m\u016f\u017ee b\u00fdt dopln\u011bn i o pozlacen\u00e1 dv\u00ed\u0159ka \u010di individu\u00e1ln\u00ed malbu na p\u0159\u00e1n\u00ed.<\/p>\n","protected":false},"featured_media":3908,"comment_status":"open","ping_status":"closed","template":"","meta":[],"product_brand":[1523],"product_cat":[1452,1453],"product_tag":[1649,1650,1631,1524],"class_list":{"0":"post-3903","1":"product","2":"type-product","3":"status-publish","4":"has-post-thumbnail","6":"product_brand-dielle-spa","7":"product_cat-domaci-spotrebice","8":"product_cat-tepelna-technika","9":"product_tag-krb-na-pelety","10":"product_tag-malovany-krb","11":"product_tag-palivo-pelety","12":"product_tag-teplovzdusny-krb","14":"first","15":"instock","16":"taxable","17":"shipping-taxable","18":"purchasable","19":"product-type-variable"},"jetpack_sharing_enabled":true,"_links":{"self":[{"href":"https:\/\/ete69e.pef.czu.cz\/ls2122\/wp-json\/wp\/v2\/product\/3903","targetHints":{"allow":["GET"]}}],"collection":[{"href":"https:\/\/ete69e.pef.czu.cz\/ls2122\/wp-json\/wp\/v2\/product"}],"about":[{"href":"https:\/\/ete69e.pef.czu.cz\/ls2122\/wp-json\/wp\/v2\/types\/product"}],"replies":[{"embeddable":true,"href":"https:\/\/ete69e.pef.czu.cz\/ls2122\/wp-json\/wp\/v2\/comments?post=3903"}],"wp:featuredmedia":[{"embeddable":true,"href":"https:\/\/ete69e.pef.czu.cz\/ls2122\/wp-json\/wp\/v2\/media\/3908"}],"wp:attachment":[{"href":"https:\/\/ete69e.pef.czu.cz\/ls2122\/wp-json\/wp\/v2\/media?parent=3903"}],"wp:term":[{"taxonomy":"product_brand","embeddable":true,"href":"https:\/\/ete69e.pef.czu.cz\/ls2122\/wp-json\/wp\/v2\/product_brand?post=3903"},{"taxonomy":"product_cat","embeddable":true,"href":"https:\/\/ete69e.pef.czu.cz\/ls2122\/wp-json\/wp\/v2\/product_cat?post=3903"},{"taxonomy":"product_tag","embeddable":true,"href":"https:\/\/ete69e.pef.czu.cz\/ls2122\/wp-json\/wp\/v2\/product_tag?post=3903"}],"curies":[{"name":"wp","href":"https:\/\/api.w.org\/{rel}","templated":true}]}}