{"id":3890,"date":"2026-04-02T18:58:28","date_gmt":"2026-04-02T16:58:28","guid":{"rendered":"https:\/\/ete69e.pef.czu.cz\/ls2122\/?post_type=product&#038;p=3890"},"modified":"2026-04-02T18:58:28","modified_gmt":"2026-04-02T16:58:28","slug":"ceci-1938-spumante-brut","status":"publish","type":"product","link":"https:\/\/ete69e.pef.czu.cz\/ls2122\/produkt\/ceci-1938-spumante-brut\/","title":{"rendered":"CECI 1938 Spumante Brut"},"content":{"rendered":"<p>Elegantn\u00ed \u0161umiv\u00e9 v\u00edno typu Brut vyroben\u00e9 z odr\u016fd Chardonnay a Pinot Noir. Toto b\u00edl\u00e9 \u0161umiv\u00e9 v\u00edno p\u0159edstavuje \u201edu\u0161i\u201c vina\u0159stv\u00ed Ceci a je symbolem rovnov\u00e1hy mezi linearitou a bohatost\u00ed chuti. Je pikantn\u00ed, vo\u0148av\u00e9 a ide\u00e1ln\u00ed pro slavnostn\u00ed p\u0159\u00edle\u017eitosti d\u00edky sv\u00e9 jemn\u00e9 perl\u00e1\u017ei.<\/p>\n","protected":false},"excerpt":{"rendered":"<p>Elegantn\u00ed cuv\u00e9e Chardonnay a Pinot Noir p\u0159edstavuje \u201edu\u0161i\u201c vina\u0159stv\u00ed Ceci a symbolizuje dokonalou rovnov\u00e1hu mezi sv\u011b\u017eest\u00ed a bohatost\u00ed. D\u00edky jemn\u00e9 perl\u00e1\u017ei a vo\u0148av\u00e9mu profilu je toto \u0161umiv\u00e9 v\u00edno typu Brut ide\u00e1ln\u00ed volbou pro slavnostn\u00ed p\u0159\u00edle\u017eitosti.<\/p>\n","protected":false},"featured_media":3891,"comment_status":"open","ping_status":"closed","template":"","meta":[],"product_brand":[],"product_cat":[1597,1603],"product_tag":[1604,1606,1605,1607],"class_list":{"0":"post-3890","1":"product","2":"type-product","3":"status-publish","4":"has-post-thumbnail","6":"product_cat-italska-vina","7":"product_cat-sumiva-vina","8":"product_tag-brut","9":"product_tag-chardonnay","10":"product_tag-oslava","11":"product_tag-spumante","13":"first","14":"instock","15":"sale","16":"taxable","17":"shipping-taxable","18":"purchasable","19":"product-type-simple"},"jetpack_sharing_enabled":true,"_links":{"self":[{"href":"https:\/\/ete69e.pef.czu.cz\/ls2122\/wp-json\/wp\/v2\/product\/3890","targetHints":{"allow":["GET"]}}],"collection":[{"href":"https:\/\/ete69e.pef.czu.cz\/ls2122\/wp-json\/wp\/v2\/product"}],"about":[{"href":"https:\/\/ete69e.pef.czu.cz\/ls2122\/wp-json\/wp\/v2\/types\/product"}],"replies":[{"embeddable":true,"href":"https:\/\/ete69e.pef.czu.cz\/ls2122\/wp-json\/wp\/v2\/comments?post=3890"}],"wp:featuredmedia":[{"embeddable":true,"href":"https:\/\/ete69e.pef.czu.cz\/ls2122\/wp-json\/wp\/v2\/media\/3891"}],"wp:attachment":[{"href":"https:\/\/ete69e.pef.czu.cz\/ls2122\/wp-json\/wp\/v2\/media?parent=3890"}],"wp:term":[{"taxonomy":"product_brand","embeddable":true,"href":"https:\/\/ete69e.pef.czu.cz\/ls2122\/wp-json\/wp\/v2\/product_brand?post=3890"},{"taxonomy":"product_cat","embeddable":true,"href":"https:\/\/ete69e.pef.czu.cz\/ls2122\/wp-json\/wp\/v2\/product_cat?post=3890"},{"taxonomy":"product_tag","embeddable":true,"href":"https:\/\/ete69e.pef.czu.cz\/ls2122\/wp-json\/wp\/v2\/product_tag?post=3890"}],"curies":[{"name":"wp","href":"https:\/\/api.w.org\/{rel}","templated":true}]}}