{"id":3885,"date":"2026-04-02T18:47:51","date_gmt":"2026-04-02T16:47:51","guid":{"rendered":"https:\/\/ete69e.pef.czu.cz\/ls2122\/?post_type=product&#038;p=3885"},"modified":"2026-04-02T18:47:51","modified_gmt":"2026-04-02T16:47:51","slug":"pulcino-vino-nobile-di-montepulciano","status":"publish","type":"product","link":"https:\/\/ete69e.pef.czu.cz\/ls2122\/produkt\/pulcino-vino-nobile-di-montepulciano\/","title":{"rendered":"Pulcino Vino Nobile di Montepulciano"},"content":{"rendered":"<p>Legend\u00e1rn\u00ed tosk\u00e1nsk\u00e9 \u010derven\u00e9 v\u00edno s ozna\u010den\u00edm DOCG, p\u0159ezd\u00edvan\u00e9 \u201ev\u00edno kr\u00e1l\u016f\u201c. Jedn\u00e1 se o jedno z nejstar\u0161\u00edch v\u00edn v It\u00e1lii. Z\u00e1klad tvo\u0159\u00ed minim\u00e1ln\u011b 70% odr\u016fdy Sangiovese (lok\u00e1ln\u011b zn\u00e1m\u00e9 jako Prugnolo Gentile), scelen\u00e9 s odr\u016fdami Canaiolo Nero a Mammolo. V\u00edno nab\u00edz\u00ed noblesn\u00ed strukturu a dlouhou dochu\u0165.<\/p>\n","protected":false},"excerpt":{"rendered":"<p>Legend\u00e1rn\u00ed tosk\u00e1nsk\u00e9 v\u00edno s ozna\u010den\u00edm DOCG, p\u0159ezd\u00edvan\u00e9 \u201ev\u00edno kr\u00e1l\u016f\u201c, pat\u0159\u00ed k nejstar\u0161\u00edm v It\u00e1lii a vynik\u00e1 svou noblesn\u00ed strukturou. Z\u00e1klad tvo\u0159\u00ed minim\u00e1ln\u011b 70 % odr\u016fdy Sangiovese, kter\u00e1 v kombinaci s Canaiolo Nero a Mammolo vytv\u00e1\u0159\u00ed komplexn\u00ed chu\u0165 s dlouhou dochut\u00ed.<\/p>\n","protected":false},"featured_media":3886,"comment_status":"open","ping_status":"closed","template":"","meta":[],"product_brand":[],"product_cat":[1582,1590,1597],"product_tag":[1602,1600,1599,1601],"class_list":{"0":"post-3885","1":"product","2":"type-product","3":"status-publish","4":"has-post-thumbnail","6":"product_cat-alkoholicke-napoje","7":"product_cat-cervena-vina","8":"product_cat-italska-vina","9":"product_tag-docg","10":"product_tag-sangiovese","11":"product_tag-toskansko","12":"product_tag-vino-nobile","14":"first","15":"instock","16":"sale","17":"taxable","18":"shipping-taxable","19":"purchasable","20":"product-type-simple"},"jetpack_sharing_enabled":true,"_links":{"self":[{"href":"https:\/\/ete69e.pef.czu.cz\/ls2122\/wp-json\/wp\/v2\/product\/3885","targetHints":{"allow":["GET"]}}],"collection":[{"href":"https:\/\/ete69e.pef.czu.cz\/ls2122\/wp-json\/wp\/v2\/product"}],"about":[{"href":"https:\/\/ete69e.pef.czu.cz\/ls2122\/wp-json\/wp\/v2\/types\/product"}],"replies":[{"embeddable":true,"href":"https:\/\/ete69e.pef.czu.cz\/ls2122\/wp-json\/wp\/v2\/comments?post=3885"}],"wp:featuredmedia":[{"embeddable":true,"href":"https:\/\/ete69e.pef.czu.cz\/ls2122\/wp-json\/wp\/v2\/media\/3886"}],"wp:attachment":[{"href":"https:\/\/ete69e.pef.czu.cz\/ls2122\/wp-json\/wp\/v2\/media?parent=3885"}],"wp:term":[{"taxonomy":"product_brand","embeddable":true,"href":"https:\/\/ete69e.pef.czu.cz\/ls2122\/wp-json\/wp\/v2\/product_brand?post=3885"},{"taxonomy":"product_cat","embeddable":true,"href":"https:\/\/ete69e.pef.czu.cz\/ls2122\/wp-json\/wp\/v2\/product_cat?post=3885"},{"taxonomy":"product_tag","embeddable":true,"href":"https:\/\/ete69e.pef.czu.cz\/ls2122\/wp-json\/wp\/v2\/product_tag?post=3885"}],"curies":[{"name":"wp","href":"https:\/\/api.w.org\/{rel}","templated":true}]}}