{"id":3883,"date":"2026-04-02T18:18:18","date_gmt":"2026-04-02T16:18:18","guid":{"rendered":"https:\/\/ete69e.pef.czu.cz\/ls2122\/?post_type=product&#038;p=3883"},"modified":"2026-04-02T18:18:18","modified_gmt":"2026-04-02T16:18:18","slug":"2018-chateau-saint-valery-st-emilion-grand-cru","status":"publish","type":"product","link":"https:\/\/ete69e.pef.czu.cz\/ls2122\/produkt\/2018-chateau-saint-valery-st-emilion-grand-cru\/","title":{"rendered":"2018 Ch\u00e2teau Saint-Val\u00e9ry St. \u00c9milion Grand Cru"},"content":{"rendered":"<p>Such\u00e9 \u010derven\u00e9 v\u00edno z presti\u017en\u00ed francouzsk\u00e9 oblasti Bordeaux (Saint-\u00c9milion). Ro\u010dn\u00edk 2018 byl ovlivn\u011bn ide\u00e1ln\u00edm klimatem pro dozr\u00e1v\u00e1n\u00ed hrozn\u016f. V\u00edno tvo\u0159\u00ed dominantn\u00ed Merlot dopln\u011bn\u00fd o Cabernet Franc. M\u00e1 hlubokou barvu a bohat\u00e9 aroma zral\u00e9ho \u010dern\u00e9ho ovoce (\u0161vestky, \u010dern\u00fd ryb\u00edz) s t\u00f3ny l\u00e9ko\u0159ice, moka a jemn\u00e9ho ko\u0159en\u00ed, z\u00edskan\u00e9ho zr\u00e1n\u00edm v sudech z francouzsk\u00e9ho dubu.<\/p>\n","protected":false},"excerpt":{"rendered":"<pre class=\"cdk-visually-hidden ng-star-inserted\"><span style=\"font-size: 16px\">Toto presti\u017en\u00ed bordeaux ze Saint-\u00c9milionu (ro\u010dn\u00edk 2018) kombinuje Merlot a Cabernet Franc do podoby hlubok\u00e9ho, elegantn\u00edho v\u00edna. Vyzna\u010duje se bohat\u00fdm aromatem \u010dern\u00e9ho ovoce, l\u00e9ko\u0159ice a moka, kter\u00e9 dopl\u0148uje jemn\u00e9 ko\u0159en\u00ed z\u00edskan\u00e9 zr\u00e1n\u00edm v dubov\u00fdch sudech.<\/span><\/pre>\n","protected":false},"featured_media":3884,"comment_status":"open","ping_status":"closed","template":"","meta":[],"product_brand":[],"product_cat":[1582,1590,1589],"product_tag":[1592,1594,1593,1595],"class_list":{"0":"post-3883","1":"product","2":"type-product","3":"status-publish","4":"has-post-thumbnail","6":"product_cat-alkoholicke-napoje","7":"product_cat-cervena-vina","8":"product_cat-francouzska-vina","9":"product_tag-bordeaux","10":"product_tag-grand-cru","11":"product_tag-merlot","12":"product_tag-saint-emilion","14":"first","15":"instock","16":"sale","17":"taxable","18":"shipping-taxable","19":"purchasable","20":"product-type-simple"},"jetpack_sharing_enabled":true,"_links":{"self":[{"href":"https:\/\/ete69e.pef.czu.cz\/ls2122\/wp-json\/wp\/v2\/product\/3883","targetHints":{"allow":["GET"]}}],"collection":[{"href":"https:\/\/ete69e.pef.czu.cz\/ls2122\/wp-json\/wp\/v2\/product"}],"about":[{"href":"https:\/\/ete69e.pef.czu.cz\/ls2122\/wp-json\/wp\/v2\/types\/product"}],"replies":[{"embeddable":true,"href":"https:\/\/ete69e.pef.czu.cz\/ls2122\/wp-json\/wp\/v2\/comments?post=3883"}],"wp:featuredmedia":[{"embeddable":true,"href":"https:\/\/ete69e.pef.czu.cz\/ls2122\/wp-json\/wp\/v2\/media\/3884"}],"wp:attachment":[{"href":"https:\/\/ete69e.pef.czu.cz\/ls2122\/wp-json\/wp\/v2\/media?parent=3883"}],"wp:term":[{"taxonomy":"product_brand","embeddable":true,"href":"https:\/\/ete69e.pef.czu.cz\/ls2122\/wp-json\/wp\/v2\/product_brand?post=3883"},{"taxonomy":"product_cat","embeddable":true,"href":"https:\/\/ete69e.pef.czu.cz\/ls2122\/wp-json\/wp\/v2\/product_cat?post=3883"},{"taxonomy":"product_tag","embeddable":true,"href":"https:\/\/ete69e.pef.czu.cz\/ls2122\/wp-json\/wp\/v2\/product_tag?post=3883"}],"curies":[{"name":"wp","href":"https:\/\/api.w.org\/{rel}","templated":true}]}}