{"id":3879,"date":"2026-04-02T18:08:47","date_gmt":"2026-04-02T16:08:47","guid":{"rendered":"https:\/\/ete69e.pef.czu.cz\/ls2122\/?post_type=product&#038;p=3879"},"modified":"2026-04-02T18:08:47","modified_gmt":"2026-04-02T16:08:47","slug":"minkov-brothers-le-photographe-sauvignon-blanc","status":"publish","type":"product","link":"https:\/\/ete69e.pef.czu.cz\/ls2122\/produkt\/minkov-brothers-le-photographe-sauvignon-blanc\/","title":{"rendered":"Minkov Brothers Le Photographe Sauvignon Blanc"},"content":{"rendered":"<p>Pr\u00e9miov\u00e9 b\u00edl\u00e9 v\u00edno z bulharsk\u00e9 produkce, kter\u00e9 reprezentuje jedine\u010dn\u00fd styl a charakter odr\u016fdy Sauvignon Blanc. Tato \u0159ada byla uvedena na trh v roce 2013 jako vlajkov\u00e1 lo\u010f vina\u0159stv\u00ed Minkov Brothers. V\u00edno se vyzna\u010duje sv\u011b\u017e\u00ed aciditou, typickou pro such\u00e1 b\u00edl\u00e1 v\u00edna, a je vyhled\u00e1v\u00e1no pro svou vysokou kvalitu v segmentu pr\u00e9miov\u00fdch v\u00edn.<\/p>\n","protected":false},"excerpt":{"rendered":"<p><b data-path-to-node=\"1\" data-index-in-node=\"0\">Le Photographe Sauvignon Blanc<\/b> je vlajkov\u00e1 lo\u010f bulharsk\u00e9ho vina\u0159stv\u00ed <b data-path-to-node=\"1\" data-index-in-node=\"69\">Minkov Brothers<\/b>, uveden\u00e1 na trh v roce 2013. Toto pr\u00e9miov\u00e9 such\u00e9 v\u00edno reprezentuje \u0161pi\u010dku bulharsk\u00e9 produkce a je oce\u0148ov\u00e1no pro sv\u016fj odr\u016fdov\u00fd charakter, eleganci a v\u00fdraznou sv\u011b\u017e\u00ed aciditu.<\/p>\n","protected":false},"featured_media":3882,"comment_status":"open","ping_status":"closed","template":"","meta":[],"product_brand":[],"product_cat":[1582,1585,1586,1476],"product_tag":[1588,1587,49],"class_list":{"0":"post-3879","1":"product","2":"type-product","3":"status-publish","4":"has-post-thumbnail","6":"product_cat-alkoholicke-napoje","7":"product_cat-bila-vina","8":"product_cat-bulharska-vina","9":"product_cat-vina","10":"product_tag-premiove-vino","11":"product_tag-savignon-blanc","12":"product_tag-suche-vino","14":"first","15":"instock","16":"sale","17":"taxable","18":"shipping-taxable","19":"purchasable","20":"product-type-simple"},"jetpack_sharing_enabled":true,"_links":{"self":[{"href":"https:\/\/ete69e.pef.czu.cz\/ls2122\/wp-json\/wp\/v2\/product\/3879","targetHints":{"allow":["GET"]}}],"collection":[{"href":"https:\/\/ete69e.pef.czu.cz\/ls2122\/wp-json\/wp\/v2\/product"}],"about":[{"href":"https:\/\/ete69e.pef.czu.cz\/ls2122\/wp-json\/wp\/v2\/types\/product"}],"replies":[{"embeddable":true,"href":"https:\/\/ete69e.pef.czu.cz\/ls2122\/wp-json\/wp\/v2\/comments?post=3879"}],"wp:featuredmedia":[{"embeddable":true,"href":"https:\/\/ete69e.pef.czu.cz\/ls2122\/wp-json\/wp\/v2\/media\/3882"}],"wp:attachment":[{"href":"https:\/\/ete69e.pef.czu.cz\/ls2122\/wp-json\/wp\/v2\/media?parent=3879"}],"wp:term":[{"taxonomy":"product_brand","embeddable":true,"href":"https:\/\/ete69e.pef.czu.cz\/ls2122\/wp-json\/wp\/v2\/product_brand?post=3879"},{"taxonomy":"product_cat","embeddable":true,"href":"https:\/\/ete69e.pef.czu.cz\/ls2122\/wp-json\/wp\/v2\/product_cat?post=3879"},{"taxonomy":"product_tag","embeddable":true,"href":"https:\/\/ete69e.pef.czu.cz\/ls2122\/wp-json\/wp\/v2\/product_tag?post=3879"}],"curies":[{"name":"wp","href":"https:\/\/api.w.org\/{rel}","templated":true}]}}