{"id":3862,"date":"2026-04-02T17:44:49","date_gmt":"2026-04-02T15:44:49","guid":{"rendered":"https:\/\/ete69e.pef.czu.cz\/ls2122\/?post_type=product&#038;p=3862"},"modified":"2026-04-03T16:02:53","modified_gmt":"2026-04-03T14:02:53","slug":"magik-krb-na-pelety","status":"publish","type":"product","link":"https:\/\/ete69e.pef.czu.cz\/ls2122\/produkt\/magik-krb-na-pelety\/","title":{"rendered":"MAGIK &#8211; krb na pelety"},"content":{"rendered":"<p>Kombinace designu, elegance a nejnov\u011bj\u0161\u00edch technologi\u00ed pro peletov\u00fd krb s unik\u00e1tn\u00edm a nezam\u011bniteln\u00fdm tvarem. \u010cern\u011b lakovan\u00e9 ocelov\u00e9 boky a \u201ekouzeln\u00e9\u201c sklen\u011bn\u00e9 posuvn\u00e9 dve\u0159e, vytv\u00e1\u0159\u00ed neopakovateln\u00fd celkov\u00fd efekt, kter\u00fd nezn\u00e1 konkurenci.<br id=\"yui_3_18_1_1_1775144931806_764\" \/><strong id=\"yui_3_18_1_1_1775144931806_765\">MAGIK<\/strong> <strong>AIR <\/strong>krb &#8211; magick\u00e9 pohledov\u00e9 ok\u00e9nko je provedeno z leskl\u00e9ho nepr\u016fsvitn\u00e9ho skla. P\u0159i oh\u0159\u00e1t\u00ed sklo zpr\u016fsvitn\u00ed a poskytne pohled na ohe\u0148. Modern\u00ed leskl\u00e9 proveden\u00ed v \u010dern\u00e9 barv\u011b s velk\u00fdm z\u00e1sobn\u00edkem na pelety.\u00a0 Krb je \u00fazk\u00fd a zabere m\u00e1lo m\u00edsta, ale je dost \u0161irok\u00fd, aby vypadal jako krb a ne kam\u00ednka.<\/p>\n<p id=\"yui_3_18_1_1_1775144931806_628\"><strong id=\"yui_3_18_1_1_1775144931806_766\">MAGIK TURBO<\/strong> je navr\u017een pro horkovzdu\u0161n\u00e9 vyt\u00e1p\u011bn\u00ed domu pomoc\u00ed hork\u00e9ho vzduchu dvou nebo t\u0159\u00ed kan\u00e1lov\u00fdch v\u00fdvod\u016f do 6 metr\u016f a lok\u00e1ln\u00edmi ventil\u00e1tory. Teplo v ka\u017ed\u00e9 m\u00edstnosti je mo\u017en\u00e9 \u0159\u00eddit samostatn\u011b pomoc\u00ed kabelov\u00fdch nebo bezdr\u00e1tov\u00fdch pokojov\u00fdch termostat\u016f. Krb nab\u00edz\u00ed mo\u017enost kombinovat ovl\u00e1d\u00e1n\u00ed pomoc\u00ed d\u00e1lkov\u00e9ho ovlada\u010de s funkc\u00ed pokojov\u00e9ho termostatu nebo tak\u00e9 m\u016f\u017eete pomoc\u00ed mobiln\u00ed aplikace z Va\u0161eho chytr\u00e9ho telefonu, kter\u00e1 je zdarma ke sta\u017een\u00ed.<\/p>\n<h3 id=\"yui_3_18_1_1_1775144931806_809\" dir=\"ltr\"><span id=\"yui_3_18_1_1_1775144931806_810\"><em id=\"yui_3_18_1_1_1775144931806_811\"><em id=\"yui_3_18_1_1_1775144931806_812\">KOU\u0158OVOD\u00a0<\/em><\/em><\/span><\/h3>\n<p><em>DOZADU<\/em><\/p>\n<h3 dir=\"ltr\"><em>PROVEDEN\u00cd<\/em><\/h3>\n<ul id=\"yui_3_18_1_1_1775144931806_772\">\n<li id=\"yui_3_18_1_1_1775144931806_773\"><strong id=\"yui_3_18_1_1_1775144931806_774\">AIR\u00a0<\/strong>&#8211; slou\u017e\u00ed jako teplovzdu\u0161n\u00fd KRB NA PELETY<\/li>\n<li id=\"yui_3_18_1_1_1775144931806_775\"><strong id=\"yui_3_18_1_1_1775144931806_776\">TURBO &#8211;<\/strong><span id=\"yui_3_18_1_1_1775144931806_777\"> KRBY NA PELETY jsou vybaveny technologi\u00ed pro zapojen\u00ed do syst\u00e9mu vyt\u00e1p\u011bn\u00ed nekomunika\u010dn\u00edch m\u00edstnost\u00ed pomoc\u00ed p\u0159enosu hork\u00e9ho vzduchu<\/span><\/li>\n<\/ul>\n<h3><em>PALIVO<\/em><\/h3>\n<p><em>PELETY<\/em><\/p>\n<h3 dir=\"ltr\"><em>V\u00ddKON<\/em><\/h3>\n<p dir=\"ltr\"><em>6 kW, 10 kW, 12 KW &#8211; TEPLOVZDU\u0160N\u00c1 VARIANTA<\/em><\/p>\n<p dir=\"ltr\">12 kW &#8211; TURBO VARIANTA<\/p>\n<p dir=\"ltr\"><span id=\"yui_3_18_1_1_1775144931806_804\"><em id=\"yui_3_18_1_1_1775144931806_805\">Pozor!!! 6 a 10 kW &#8211; hermeticky uzav\u0159en\u00e9 krby. 12 kW nen\u00ed hermeticky uzav\u0159en\u00fd krb.<\/em><\/span><\/p>\n<h3 dir=\"ltr\"><em>KOU\u0158OVOD<\/em><\/h3>\n<p dir=\"ltr\"><em>NAHORU<\/em><\/p>\n<h3 dir=\"ltr\"><em>ROZM\u011aRY<\/em><\/h3>\n<p dir=\"ltr\"><img loading=\"lazy\" decoding=\"async\" class=\"alignnone size-medium wp-image-3887\" src=\"https:\/\/ete69e.pef.czu.cz\/ls2122\/01\/wp-content\/uploads\/2026\/04\/ROZMERY-KRB-MAGIK-6_10-251x300.png\" alt=\"\" width=\"251\" height=\"300\" srcset=\"https:\/\/ete69e.pef.czu.cz\/ls2122\/01\/wp-content\/uploads\/2026\/04\/ROZMERY-KRB-MAGIK-6_10-251x300.png 251w, https:\/\/ete69e.pef.czu.cz\/ls2122\/01\/wp-content\/uploads\/2026\/04\/ROZMERY-KRB-MAGIK-6_10.png 458w\" sizes=\"auto, (max-width: 251px) 100vw, 251px\" \/><img loading=\"lazy\" decoding=\"async\" class=\"alignnone size-medium wp-image-3889\" src=\"https:\/\/ete69e.pef.czu.cz\/ls2122\/01\/wp-content\/uploads\/2026\/04\/magik_12_rozmery-1-220x300.png\" alt=\"\" width=\"220\" height=\"300\" srcset=\"https:\/\/ete69e.pef.czu.cz\/ls2122\/01\/wp-content\/uploads\/2026\/04\/magik_12_rozmery-1-220x300.png 220w, https:\/\/ete69e.pef.czu.cz\/ls2122\/01\/wp-content\/uploads\/2026\/04\/magik_12_rozmery-1.png 441w\" sizes=\"auto, (max-width: 220px) 100vw, 220px\" \/><\/p>\n","protected":false},"excerpt":{"rendered":"<div>Teplovzdu\u0161n\u00fd krb na pelety <strong>MAGIK<\/strong> vynik\u00e1 modern\u00edm designem, \u010dern\u011b lakovan\u00fdmi ocelov\u00fdmi boky a unik\u00e1tn\u00edm <strong>\u201emagick\u00fdm\u201c <\/strong>posuvn\u00fdm sklem, kter\u00e9 je nepr\u016fhledn\u00e9 a po zah\u0159\u00e1t\u00ed zpr\u016fsvitn\u00ed, tak\u017ee kr\u00e1sn\u011b odhal\u00ed plamen. Model o v\u00fdkonu 6 kW a\u017e 12 kW je d\u00edky sv\u00e9 \u00fazk\u00e9 konstrukci prostorov\u011b \u00fasporn\u00fd, ale p\u0159esto p\u016fsob\u00ed jako plnohodnotn\u00fd krb. Disponuje kou\u0159ovodem dozadu, vysokou \u00fa\u010dinnost\u00ed a\u017e 96 %, velk\u00fdm z\u00e1sobn\u00edkem pelet a pln\u011b automatick\u00fdm provozem. Vhodn\u00fd je jak do modern\u00edch, tak i star\u0161\u00edch dom\u016f jako efektivn\u00ed a \u00fasporn\u00fd zdroj vyt\u00e1p\u011bn\u00ed.<\/div>\n","protected":false},"featured_media":3880,"comment_status":"open","ping_status":"closed","template":"","meta":[],"product_brand":[1523],"product_cat":[1452,1453],"product_tag":[1649,1654,1631,1653],"class_list":{"0":"post-3862","1":"product","2":"type-product","3":"status-publish","4":"has-post-thumbnail","6":"product_brand-dielle-spa","7":"product_cat-domaci-spotrebice","8":"product_cat-tepelna-technika","9":"product_tag-krb-na-pelety","10":"product_tag-ohrev-domu","11":"product_tag-palivo-pelety","12":"product_tag-rozvod-vzduchu","14":"first","15":"instock","16":"taxable","17":"shipping-taxable","18":"purchasable","19":"product-type-variable"},"jetpack_sharing_enabled":true,"_links":{"self":[{"href":"https:\/\/ete69e.pef.czu.cz\/ls2122\/wp-json\/wp\/v2\/product\/3862","targetHints":{"allow":["GET"]}}],"collection":[{"href":"https:\/\/ete69e.pef.czu.cz\/ls2122\/wp-json\/wp\/v2\/product"}],"about":[{"href":"https:\/\/ete69e.pef.czu.cz\/ls2122\/wp-json\/wp\/v2\/types\/product"}],"replies":[{"embeddable":true,"href":"https:\/\/ete69e.pef.czu.cz\/ls2122\/wp-json\/wp\/v2\/comments?post=3862"}],"wp:featuredmedia":[{"embeddable":true,"href":"https:\/\/ete69e.pef.czu.cz\/ls2122\/wp-json\/wp\/v2\/media\/3880"}],"wp:attachment":[{"href":"https:\/\/ete69e.pef.czu.cz\/ls2122\/wp-json\/wp\/v2\/media?parent=3862"}],"wp:term":[{"taxonomy":"product_brand","embeddable":true,"href":"https:\/\/ete69e.pef.czu.cz\/ls2122\/wp-json\/wp\/v2\/product_brand?post=3862"},{"taxonomy":"product_cat","embeddable":true,"href":"https:\/\/ete69e.pef.czu.cz\/ls2122\/wp-json\/wp\/v2\/product_cat?post=3862"},{"taxonomy":"product_tag","embeddable":true,"href":"https:\/\/ete69e.pef.czu.cz\/ls2122\/wp-json\/wp\/v2\/product_tag?post=3862"}],"curies":[{"name":"wp","href":"https:\/\/api.w.org\/{rel}","templated":true}]}}