{"id":3809,"date":"2026-04-02T11:15:10","date_gmt":"2026-04-02T09:15:10","guid":{"rendered":"https:\/\/ete69e.pef.czu.cz\/ls2122\/?post_type=product&#038;p=3809"},"modified":"2026-04-02T11:35:00","modified_gmt":"2026-04-02T09:35:00","slug":"oppo-find-n2","status":"publish","type":"product","link":"https:\/\/ete69e.pef.czu.cz\/ls2122\/produkt\/oppo-find-n2\/","title":{"rendered":"Oppo Find N2"},"content":{"rendered":"<p>Oppo Find N2 Flip je inovativn\u00ed skl\u00e1dac\u00ed smartphone, kter\u00fd m\u011bn\u00ed p\u0159edstavu o pohodl\u00ed, estetice a funk\u010dnosti mobiln\u00edch za\u0159\u00edzen\u00ed. Ve slo\u017een\u00e9m stavu se tento p\u0159\u00edstroj snadno vejde do jak\u00e9koli kapsy nebo mal\u00e9 kabelky, p\u0159itom v\u0161ak nab\u00edz\u00ed bezkompromisn\u00ed mo\u017enosti vlajkov\u00e9 lodi.<\/p>\n<p>Hlavn\u00edm rysem tohoto modelu se stal prostorn\u00fd 3,26palcov\u00fd vn\u011bj\u0161\u00ed displej. Umo\u017e\u0148uje pohodln\u011b \u010d\u00edst ozn\u00e1men\u00ed, odpov\u00eddat na zpr\u00e1vy pomoc\u00ed \u0161ablon, ovl\u00e1dat hudbu a prohl\u00ed\u017eet widgety, ani\u017e byste museli telefon otev\u00edrat. Krom\u011b toho slou\u017e\u00ed vn\u011bj\u0161\u00ed displej jako ide\u00e1ln\u00ed hled\u00e1\u010dek pro po\u0159izov\u00e1n\u00ed \u00fa\u017easn\u00fdch selfie pomoc\u00ed hlavn\u00edho fotoapar\u00e1tu.<\/p>\n<p>Uvnit\u0159 na v\u00e1s \u010dek\u00e1 jasn\u00fd 6,8palcov\u00fd AMOLED displej s obnovovac\u00ed frekvenc\u00ed 120 Hz pro maxim\u00e1ln\u00ed plynulost. D\u00edky pokro\u010dil\u00e9mu kloubu Flexion Hinge nov\u00e9 generace se displej skl\u00e1d\u00e1 bez mezer a linie ohybu na obrazovce je prakticky neviditeln\u00e1 a nen\u00ed c\u00edtit pod prsty.<\/p>\n<p>O fotografick\u00e9 mo\u017enosti se star\u00e1 pokro\u010dil\u00fd syst\u00e9m fotoapar\u00e1t\u016f, vyvinut\u00fd ve spolupr\u00e1ci s legend\u00e1rn\u00ed zna\u010dkou Hasselblad, kter\u00fd zaru\u010duje p\u0159irozen\u00e9 pod\u00e1n\u00ed barev a nejvy\u0161\u0161\u00ed detailnost sn\u00edmk\u016f. Smartphone pracuje rychle a plynule, nab\u00edz\u00ed ve sv\u00e9 t\u0159\u00edd\u011b vynikaj\u00edc\u00ed v\u00fddr\u017e baterie a stane se ide\u00e1ln\u00ed volbou pro ty, kte\u0159\u00ed hledaj\u00ed origin\u00e1ln\u00ed, stylov\u00e9 a modern\u00ed za\u0159\u00edzen\u00ed pro ka\u017edodenn\u00ed pou\u017eit\u00ed.<\/p>\n","protected":false},"excerpt":{"rendered":"<p>Stylov\u00fd skl\u00e1dac\u00ed smartphone Oppo Find N2 Flip kombinuje ultrakompaktn\u00ed design, velk\u00fd a pohodln\u00fd vn\u011bj\u0161\u00ed displej pro rychl\u00e9 \u00fakoly, prakticky neznateln\u00fd ohyb na hlavn\u00edm displeji a pokro\u010dil\u00fd fotoapar\u00e1t s optikou Hasselblad.<\/p>\n","protected":false},"featured_media":3813,"comment_status":"open","ping_status":"closed","template":"","meta":[],"product_brand":[1556],"product_cat":[415,1537,1538],"product_tag":[353,1563,1564,1562,1565],"class_list":{"0":"post-3809","1":"product","2":"type-product","3":"status-publish","4":"has-post-thumbnail","6":"product_brand-oppo","7":"product_cat-elektronika","8":"product_cat-smartphony","9":"product_cat-tablety","10":"product_tag-353","11":"product_tag-elektronoka","12":"product_tag-oppo","13":"product_tag-smartphone","14":"product_tag-tablet","16":"first","17":"instock","18":"taxable","19":"shipping-taxable","20":"purchasable","21":"product-type-simple"},"jetpack_sharing_enabled":true,"_links":{"self":[{"href":"https:\/\/ete69e.pef.czu.cz\/ls2122\/wp-json\/wp\/v2\/product\/3809","targetHints":{"allow":["GET"]}}],"collection":[{"href":"https:\/\/ete69e.pef.czu.cz\/ls2122\/wp-json\/wp\/v2\/product"}],"about":[{"href":"https:\/\/ete69e.pef.czu.cz\/ls2122\/wp-json\/wp\/v2\/types\/product"}],"replies":[{"embeddable":true,"href":"https:\/\/ete69e.pef.czu.cz\/ls2122\/wp-json\/wp\/v2\/comments?post=3809"}],"wp:featuredmedia":[{"embeddable":true,"href":"https:\/\/ete69e.pef.czu.cz\/ls2122\/wp-json\/wp\/v2\/media\/3813"}],"wp:attachment":[{"href":"https:\/\/ete69e.pef.czu.cz\/ls2122\/wp-json\/wp\/v2\/media?parent=3809"}],"wp:term":[{"taxonomy":"product_brand","embeddable":true,"href":"https:\/\/ete69e.pef.czu.cz\/ls2122\/wp-json\/wp\/v2\/product_brand?post=3809"},{"taxonomy":"product_cat","embeddable":true,"href":"https:\/\/ete69e.pef.czu.cz\/ls2122\/wp-json\/wp\/v2\/product_cat?post=3809"},{"taxonomy":"product_tag","embeddable":true,"href":"https:\/\/ete69e.pef.czu.cz\/ls2122\/wp-json\/wp\/v2\/product_tag?post=3809"}],"curies":[{"name":"wp","href":"https:\/\/api.w.org\/{rel}","templated":true}]}}