{"id":3775,"date":"2026-04-02T10:45:38","date_gmt":"2026-04-02T08:45:38","guid":{"rendered":"https:\/\/ete69e.pef.czu.cz\/ls2122\/?post_type=product&#038;p=3775"},"modified":"2026-04-02T11:01:51","modified_gmt":"2026-04-02T09:01:51","slug":"rucne-hackovany-maxi-mlok-modrosedy","status":"publish","type":"product","link":"https:\/\/ete69e.pef.czu.cz\/ls2122\/produkt\/rucne-hackovany-maxi-mlok-modrosedy\/","title":{"rendered":"Ru\u010dn\u011b h\u00e1\u010dkovan\u00fd maxi mlok &#8211; modro\u0161ed\u00fd"},"content":{"rendered":"<p>S\u00a0t\u00edmto m\u011bkou\u010dk\u00fdm obrem nuda rozhodn\u011b nehroz\u00ed! N\u00e1\u0161 h\u00e1\u010dkovan\u00fd mlok s nep\u0159ehl\u00e9dnuteln\u00fdma o\u010dima a tlapkami si rychle z\u00edsk\u00e1 pozornost v ka\u017ed\u00e9m pokoj\u00ed\u010dku. Precizn\u00ed zpracov\u00e1n\u00ed zaru\u010duje, \u017ee s va\u0161imi d\u011btmi zvl\u00e1dne ka\u017ed\u00e9 dobrodru\u017estv\u00ed. A kdy\u017e zrovna nep\u016fjde na pr\u016fzkum, b\u00e1je\u010dn\u011b zafunguje jako hrav\u00fd designov\u00fd prvek do interi\u00e9ru nebo ten nejlep\u0161\u00ed par\u0165\u00e1k na us\u00edn\u00e1n\u00ed.<\/p>\n","protected":false},"excerpt":{"rendered":"<p>M\u011bkou\u010dk\u00fd h\u00e1\u010dkovan\u00fd obr pro velk\u00e1 dobrodru\u017estv\u00ed i klidn\u00e9 us\u00edn\u00e1n\u00ed. Tento stylov\u00fd mlok s v\u00fdrazn\u00fdma o\u010dima okam\u017eit\u011b o\u017eiv\u00ed ka\u017ed\u00fd d\u011btsk\u00fd pokoj. D\u00edky precizn\u00edmu ru\u010dn\u00edmu zpracov\u00e1n\u00ed hrav\u011b zvl\u00e1dne celodenn\u00ed hran\u00ed a ve\u010der poslou\u017e\u00ed jako ten nejlep\u0161\u00ed par\u0165\u00e1k na mazlen\u00ed.<\/p>\n","protected":false},"featured_media":3777,"comment_status":"open","ping_status":"closed","template":"","meta":[],"product_brand":[],"product_cat":[1544],"product_tag":[1541,1540,1542,457],"class_list":{"0":"post-3775","1":"product","2":"type-product","3":"status-publish","4":"has-post-thumbnail","6":"product_cat-plysova-hracka","7":"product_tag-hackovani","8":"product_tag-handmade","9":"product_tag-mlok","10":"product_tag-vhodne-jako-darek","12":"first","13":"instock","14":"sale","15":"taxable","16":"shipping-taxable","17":"purchasable","18":"product-type-simple"},"jetpack_sharing_enabled":true,"_links":{"self":[{"href":"https:\/\/ete69e.pef.czu.cz\/ls2122\/wp-json\/wp\/v2\/product\/3775","targetHints":{"allow":["GET"]}}],"collection":[{"href":"https:\/\/ete69e.pef.czu.cz\/ls2122\/wp-json\/wp\/v2\/product"}],"about":[{"href":"https:\/\/ete69e.pef.czu.cz\/ls2122\/wp-json\/wp\/v2\/types\/product"}],"replies":[{"embeddable":true,"href":"https:\/\/ete69e.pef.czu.cz\/ls2122\/wp-json\/wp\/v2\/comments?post=3775"}],"wp:featuredmedia":[{"embeddable":true,"href":"https:\/\/ete69e.pef.czu.cz\/ls2122\/wp-json\/wp\/v2\/media\/3777"}],"wp:attachment":[{"href":"https:\/\/ete69e.pef.czu.cz\/ls2122\/wp-json\/wp\/v2\/media?parent=3775"}],"wp:term":[{"taxonomy":"product_brand","embeddable":true,"href":"https:\/\/ete69e.pef.czu.cz\/ls2122\/wp-json\/wp\/v2\/product_brand?post=3775"},{"taxonomy":"product_cat","embeddable":true,"href":"https:\/\/ete69e.pef.czu.cz\/ls2122\/wp-json\/wp\/v2\/product_cat?post=3775"},{"taxonomy":"product_tag","embeddable":true,"href":"https:\/\/ete69e.pef.czu.cz\/ls2122\/wp-json\/wp\/v2\/product_tag?post=3775"}],"curies":[{"name":"wp","href":"https:\/\/api.w.org\/{rel}","templated":true}]}}