{"id":3742,"date":"2026-04-01T20:31:33","date_gmt":"2026-04-01T18:31:33","guid":{"rendered":"https:\/\/ete69e.pef.czu.cz\/ls2122\/?post_type=product&#038;p=3742"},"modified":"2026-04-03T15:40:36","modified_gmt":"2026-04-03T13:40:36","slug":"krb-na-drevo-wood-s","status":"publish","type":"product","link":"https:\/\/ete69e.pef.czu.cz\/ls2122\/produkt\/krb-na-drevo-wood-s\/","title":{"rendered":"WOOD &#8211; krb na d\u0159evo"},"content":{"rendered":"<h2>AKCE!<\/h2>\n<p><strong>WOOD<\/strong>\u00a0krb na d\u0159evo se vyzna\u010duje velkou keramickou spalovac\u00ed komorou a decentn\u00edm vzhledem, kter\u00fd si najde m\u00edsto v jak\u00e9koli dom\u00e1cnosti.\u00a0Je nab\u00edzen ve verzi ventila\u010dn\u00ed nebo p\u0159irozen\u00e9 konvekci.\u00a0K dispozici ve 2 povrchov\u00fdch \u00faprav\u00e1ch s p\u0159\u00edrodn\u00edm kamenem nebo lakovanou ocel\u00ed.<br \/>\nKrb na d\u0159evo ve verzi STANDARD &#8211;<strong> WOOD S<\/strong>\u00a0nebo PLUS &#8211; <strong>WOOD P<\/strong> s velkou nerezovou troubou.<br \/>\nVe verzi PLUS \u017e\u00e1ruvzdorn\u00fd z\u00e1klad a 3 r\u016fzn\u00e9 \u00farovn\u011b pe\u010den\u00ed. Snadno dosa\u017eiteln\u00e9 vysok\u00e9 teploty. Integrovan\u00fd teplom\u011br.<\/p>\n<p><img loading=\"lazy\" decoding=\"async\" class=\"alignnone size-medium wp-image-3758\" src=\"https:\/\/ete69e.pef.czu.cz\/ls2122\/01\/wp-content\/uploads\/2026\/04\/barvy-wood-1-300x125.png\" alt=\"\" width=\"300\" height=\"125\" srcset=\"https:\/\/ete69e.pef.czu.cz\/ls2122\/01\/wp-content\/uploads\/2026\/04\/barvy-wood-1-300x125.png 300w, https:\/\/ete69e.pef.czu.cz\/ls2122\/01\/wp-content\/uploads\/2026\/04\/barvy-wood-1-600x250.png 600w, https:\/\/ete69e.pef.czu.cz\/ls2122\/01\/wp-content\/uploads\/2026\/04\/barvy-wood-1.png 624w\" sizes=\"auto, (max-width: 300px) 100vw, 300px\" \/><\/p>\n<p>Lakovan\u00e9 ocelov\u00e9 boky nebo kamenn\u00fd obklad d\u00e1vaj\u00ed krbu elegantn\u00ed vzhled.<\/p>\n<h3>PROVEDEN\u00cd<\/h3>\n<ul>\n<li dir=\"ltr\">\u010cERN\u00c1 OCEL <strong>(B10)<\/strong><\/li>\n<li dir=\"ltr\">B\u00cdL\u00c1 OCEL (S\u016eL A PEP\u0158) <strong>(B11)<\/strong><\/li>\n<li dir=\"ltr\">MASTEK <strong>(S01)<\/strong><\/li>\n<\/ul>\n<h3>KONSTRUKCE<\/h3>\n<ul>\n<li id=\"yui_3_18_1_1_1775067259059_1094\"><i>STANDARD &#8211; klasick\u00fd krb<\/i><\/li>\n<li>PLUS &#8211; s horn\u00ed troubou<\/li>\n<\/ul>\n<h3>PALIVO<\/h3>\n<ul>\n<li>D\u0158EVO<\/li>\n<\/ul>\n<h3>KOU\u0158OVOD<\/h3>\n<ul>\n<li id=\"yui_3_18_1_1_1775067259059_1160\" dir=\"ltr\"><span id=\"yui_3_18_1_1_1775067259059_1161\"><em id=\"yui_3_18_1_1_1775067259059_1162\">DOZADU<\/em><br id=\"yui_3_18_1_1_1775067259059_1163\" \/><\/span><\/li>\n<\/ul>\n<h3>ROZM\u011aRY WOOD PLUS<\/h3>\n<p id=\"yui_3_18_1_1_1775067259059_1164\" dir=\"ltr\"><img loading=\"lazy\" decoding=\"async\" class=\"alignnone size-medium wp-image-3759\" src=\"https:\/\/ete69e.pef.czu.cz\/ls2122\/01\/wp-content\/uploads\/2026\/04\/wood-rozmery-standard-300x265.png\" alt=\"\" width=\"300\" height=\"265\" srcset=\"https:\/\/ete69e.pef.czu.cz\/ls2122\/01\/wp-content\/uploads\/2026\/04\/wood-rozmery-standard-300x265.png 300w, https:\/\/ete69e.pef.czu.cz\/ls2122\/01\/wp-content\/uploads\/2026\/04\/wood-rozmery-standard-600x529.png 600w, https:\/\/ete69e.pef.czu.cz\/ls2122\/01\/wp-content\/uploads\/2026\/04\/wood-rozmery-standard.png 764w\" sizes=\"auto, (max-width: 300px) 100vw, 300px\" \/><\/p>\n<h3>ROZM\u011aRY WOOD<\/h3>\n<p><img loading=\"lazy\" decoding=\"async\" class=\"alignnone size-medium wp-image-3760\" src=\"https:\/\/ete69e.pef.czu.cz\/ls2122\/01\/wp-content\/uploads\/2026\/04\/ROZMERY-WOOD-STANDARD-210x300.png\" alt=\"\" width=\"210\" height=\"300\" srcset=\"https:\/\/ete69e.pef.czu.cz\/ls2122\/01\/wp-content\/uploads\/2026\/04\/ROZMERY-WOOD-STANDARD-210x300.png 210w, https:\/\/ete69e.pef.czu.cz\/ls2122\/01\/wp-content\/uploads\/2026\/04\/ROZMERY-WOOD-STANDARD.png 416w\" sizes=\"auto, (max-width: 210px) 100vw, 210px\" \/><\/p>\n","protected":false},"excerpt":{"rendered":"<p><strong>WOOD<\/strong> krb na d\u0159evo s velkou keramickou spalovac\u00ed komorou a decentn\u00edm vzhledem. V nab\u00eddce ve verzi ventila\u010dn\u00ed nebo p\u0159irozen\u00e9 konvekci. K dispozici ve 2 povrchov\u00fdch \u00faprav\u00e1ch s p\u0159\u00edrodn\u00edm kamenem nebo lakovanou ocel\u00ed.<br \/>\nKrb na d\u0159evo ve verzi STANDARD &#8211; <strong>WOOD S<\/strong> nebo PLUS &#8211; <strong>WOOD P s velkou nerezovou troubou.<\/strong><br \/>\nVe verzi\u00a0<strong>PLUS<\/strong>\u00a0\u017e\u00e1ruvzdorn\u00fd z\u00e1klad a 3 r\u016fzn\u00e9 \u00farovn\u011b pe\u010den\u00ed. Snadno dosa\u017eiteln\u00e9 vysok\u00e9 teploty. Integrovan\u00fd teplom\u011br.<\/p>\n","protected":false},"featured_media":3743,"comment_status":"open","ping_status":"closed","template":"","meta":[],"product_brand":[1523],"product_cat":[1452,1453],"product_tag":[1525,1654,1632,1524],"class_list":{"0":"post-3742","1":"product","2":"type-product","3":"status-publish","4":"has-post-thumbnail","6":"product_brand-dielle-spa","7":"product_cat-domaci-spotrebice","8":"product_cat-tepelna-technika","9":"product_tag-krb-na-drevo","10":"product_tag-ohrev-domu","11":"product_tag-palivo-drevo","12":"product_tag-teplovzdusny-krb","14":"first","15":"instock","16":"sale","17":"featured","18":"taxable","19":"shipping-taxable","20":"purchasable","21":"product-type-variable"},"jetpack_sharing_enabled":true,"_links":{"self":[{"href":"https:\/\/ete69e.pef.czu.cz\/ls2122\/wp-json\/wp\/v2\/product\/3742","targetHints":{"allow":["GET"]}}],"collection":[{"href":"https:\/\/ete69e.pef.czu.cz\/ls2122\/wp-json\/wp\/v2\/product"}],"about":[{"href":"https:\/\/ete69e.pef.czu.cz\/ls2122\/wp-json\/wp\/v2\/types\/product"}],"replies":[{"embeddable":true,"href":"https:\/\/ete69e.pef.czu.cz\/ls2122\/wp-json\/wp\/v2\/comments?post=3742"}],"wp:featuredmedia":[{"embeddable":true,"href":"https:\/\/ete69e.pef.czu.cz\/ls2122\/wp-json\/wp\/v2\/media\/3743"}],"wp:attachment":[{"href":"https:\/\/ete69e.pef.czu.cz\/ls2122\/wp-json\/wp\/v2\/media?parent=3742"}],"wp:term":[{"taxonomy":"product_brand","embeddable":true,"href":"https:\/\/ete69e.pef.czu.cz\/ls2122\/wp-json\/wp\/v2\/product_brand?post=3742"},{"taxonomy":"product_cat","embeddable":true,"href":"https:\/\/ete69e.pef.czu.cz\/ls2122\/wp-json\/wp\/v2\/product_cat?post=3742"},{"taxonomy":"product_tag","embeddable":true,"href":"https:\/\/ete69e.pef.czu.cz\/ls2122\/wp-json\/wp\/v2\/product_tag?post=3742"}],"curies":[{"name":"wp","href":"https:\/\/api.w.org\/{rel}","templated":true}]}}