{"id":3283,"date":"2026-03-31T19:50:24","date_gmt":"2026-03-31T17:50:24","guid":{"rendered":"https:\/\/ete69e.pef.czu.cz\/ls2122\/?post_type=product&#038;p=3283"},"modified":"2026-03-31T19:55:54","modified_gmt":"2026-03-31T17:55:54","slug":"10-kcs-1960","status":"publish","type":"product","link":"https:\/\/ete69e.pef.czu.cz\/ls2122\/produkt\/10-kcs-1960\/","title":{"rendered":"10 K\u010ds 1960"},"content":{"rendered":"<p>Bankovka zobrazuje dv\u011b mlad\u00e9 d\u00edvky s kytic\u00ed. Jedna d\u00edvka je v tradi\u010dn\u00edm \u0161\u00e1tku a druh\u00e1 m\u00e1 \u0161\u00e1tek pion\u00fdrsk\u00fd. Na pozad\u00ed vyobrazuje Oravsk\u00e9 p\u0159ehrady. Zobrazen\u00fd kus je vz\u00e1cn\u00e1 s\u00e9rie H. Bankovka byla v ob\u011bhu rekordn\u00ed dobu, a\u017e do roku 1988.<\/p>\n","protected":false},"excerpt":{"rendered":"<p>\u010ceskoslovensk\u00e1 bankovka o nomin\u00e1ln\u00ed hodnot\u011b 10 K\u010ds z roku 1960<\/p>\n","protected":false},"featured_media":3284,"comment_status":"open","ping_status":"closed","template":"","meta":[],"product_brand":[],"product_cat":[1084,1097],"product_tag":[1459,1455,1456,1457,1458,1461,1460],"class_list":{"0":"post-3283","1":"product","2":"type-product","3":"status-publish","4":"has-post-thumbnail","6":"product_cat-ceniny","7":"product_cat-ceskoslovenske-bankovky","8":"product_tag-1459","9":"product_tag-bankovka","10":"product_tag-ceskoslovensko","11":"product_tag-cssr","12":"product_tag-historicke-platidlo","13":"product_tag-notafilie","14":"product_tag-numismatika","16":"first","17":"instock","18":"sale","19":"taxable","20":"shipping-taxable","21":"purchasable","22":"product-type-simple"},"jetpack_sharing_enabled":true,"_links":{"self":[{"href":"https:\/\/ete69e.pef.czu.cz\/ls2122\/wp-json\/wp\/v2\/product\/3283","targetHints":{"allow":["GET"]}}],"collection":[{"href":"https:\/\/ete69e.pef.czu.cz\/ls2122\/wp-json\/wp\/v2\/product"}],"about":[{"href":"https:\/\/ete69e.pef.czu.cz\/ls2122\/wp-json\/wp\/v2\/types\/product"}],"replies":[{"embeddable":true,"href":"https:\/\/ete69e.pef.czu.cz\/ls2122\/wp-json\/wp\/v2\/comments?post=3283"}],"wp:featuredmedia":[{"embeddable":true,"href":"https:\/\/ete69e.pef.czu.cz\/ls2122\/wp-json\/wp\/v2\/media\/3284"}],"wp:attachment":[{"href":"https:\/\/ete69e.pef.czu.cz\/ls2122\/wp-json\/wp\/v2\/media?parent=3283"}],"wp:term":[{"taxonomy":"product_brand","embeddable":true,"href":"https:\/\/ete69e.pef.czu.cz\/ls2122\/wp-json\/wp\/v2\/product_brand?post=3283"},{"taxonomy":"product_cat","embeddable":true,"href":"https:\/\/ete69e.pef.czu.cz\/ls2122\/wp-json\/wp\/v2\/product_cat?post=3283"},{"taxonomy":"product_tag","embeddable":true,"href":"https:\/\/ete69e.pef.czu.cz\/ls2122\/wp-json\/wp\/v2\/product_tag?post=3283"}],"curies":[{"name":"wp","href":"https:\/\/api.w.org\/{rel}","templated":true}]}}